{"id":42286,"date":"2025-02-21T08:07:55","date_gmt":"2025-02-21T12:07:55","guid":{"rendered":"https:\/\/www.muniquintero.cl\/?page_id=42286"},"modified":"2025-02-21T08:19:28","modified_gmt":"2025-02-21T12:19:28","slug":"ley-de-plasticos-de-un-solo-uso","status":"publish","type":"page","link":"https:\/\/www.muniquintero.cl\/index.php\/ley-de-plasticos-de-un-solo-uso\/","title":{"rendered":"Ley de Pl\u00e1sticos de un Solo Uso"},"content":{"rendered":"\n<figure class=\"wp-block-image size-large\"><img fetchpriority=\"high\" decoding=\"async\" width=\"1024\" height=\"336\" src=\"https:\/\/www.muniquintero.cl\/wp-content\/uploads\/2025\/02\/PLASTICO-1024x336.png\" alt=\"\" class=\"wp-image-42287\" srcset=\"https:\/\/www.muniquintero.cl\/wp-content\/uploads\/2025\/02\/PLASTICO-1024x336.png 1024w, https:\/\/www.muniquintero.cl\/wp-content\/uploads\/2025\/02\/PLASTICO-300x98.png 300w, https:\/\/www.muniquintero.cl\/wp-content\/uploads\/2025\/02\/PLASTICO-768x252.png 768w, https:\/\/www.muniquintero.cl\/wp-content\/uploads\/2025\/02\/PLASTICO.png 1280w\" sizes=\"(max-width: 1024px) 100vw, 1024px\" \/><\/figure>\n\n\n\n<p><strong>LEY 21368 (2021):<\/strong>&nbsp;REGULA LA ENTREGA DE PL\u00c1STICOS DE UN SOLO USO Y LAS BOTELLAS PL\u00c1STICAS.<\/p>\n\n\n\n<p>La presente ley tiene por objeto proteger el medio ambiente y disminuir la generaci\u00f3n de residuos, mediante la limitaci\u00f3n en la entrega de productos de un solo uso en establecimientos de expendio de alimentos, el fomento a la reutilizaci\u00f3n y la certificaci\u00f3n de los pl\u00e1sticos de un solo uso, y la regulaci\u00f3n de las botellas pl\u00e1sticas desechables.<\/p>\n\n\n\n<p><a href=\"https:\/\/docs.google.com\/forms\/d\/e\/1FAIpQLSeZ2jsknaU1VCOoLKESitVoP2vSSHF2l73MkbKLNAQm1SAeew\/viewform\">Realiza tu denuncia <\/a><\/p>\n\n\n\n<figure class=\"wp-block-video\"><video height=\"848\" style=\"aspect-ratio: 634 \/ 848;\" width=\"634\" controls src=\"https:\/\/www.muniquintero.cl\/wp-content\/uploads\/2025\/02\/Snapsave.app_-iePQbheOwIL3Juo73Nn9SQkdcNw6PwN4Pftx2nT9QuMRYFECLjKG9WwvwOFB7znzmH0M76a.mp4\"><\/video><\/figure>\n\n\n\n<figure class=\"wp-block-video\"><video height=\"848\" style=\"aspect-ratio: 634 \/ 848;\" width=\"634\" controls src=\"https:\/\/www.muniquintero.cl\/wp-content\/uploads\/2025\/02\/Snapsave.app_-9T8sB2ATFpjzMT4t_Qa7qrzOOcZYculaBjoXH09.mp4\"><\/video><\/figure>\n\n\n\n<figure class=\"wp-block-video\"><video height=\"848\" style=\"aspect-ratio: 634 \/ 848;\" width=\"634\" controls src=\"https:\/\/www.muniquintero.cl\/wp-content\/uploads\/2025\/02\/Snapsave.app_-2jHy7gq6FCbQGh4G0gRpNKesnTBSDiuvrhiRxyKSRaRSSnIK9r0pmwv6KWqt5WVYQ.mp4\"><\/video><\/figure>\n","protected":false},"excerpt":{"rendered":"<p>LEY 21368 (2021):&nbsp;REGULA LA ENTREGA DE PL\u00c1STICOS DE UN SOLO USO Y LAS BOTELLAS PL\u00c1STICAS. La presente ley tiene por objeto proteger el medio ambiente y disminuir la generaci\u00f3n de residuos, mediante la limitaci\u00f3n en la entrega de productos de un solo uso en establecimientos de expendio de alimentos, el fomento a la reutilizaci\u00f3n y [&hellip;]<\/p>\n","protected":false},"author":12,"featured_media":42287,"parent":0,"menu_order":0,"comment_status":"closed","ping_status":"closed","template":"","meta":{"footnotes":""},"class_list":["post-42286","page","type-page","status-publish","has-post-thumbnail","hentry"],"_links":{"self":[{"href":"https:\/\/www.muniquintero.cl\/index.php\/wp-json\/wp\/v2\/pages\/42286","targetHints":{"allow":["GET"]}}],"collection":[{"href":"https:\/\/www.muniquintero.cl\/index.php\/wp-json\/wp\/v2\/pages"}],"about":[{"href":"https:\/\/www.muniquintero.cl\/index.php\/wp-json\/wp\/v2\/types\/page"}],"author":[{"embeddable":true,"href":"https:\/\/www.muniquintero.cl\/index.php\/wp-json\/wp\/v2\/users\/12"}],"replies":[{"embeddable":true,"href":"https:\/\/www.muniquintero.cl\/index.php\/wp-json\/wp\/v2\/comments?post=42286"}],"version-history":[{"count":1,"href":"https:\/\/www.muniquintero.cl\/index.php\/wp-json\/wp\/v2\/pages\/42286\/revisions"}],"predecessor-version":[{"id":42291,"href":"https:\/\/www.muniquintero.cl\/index.php\/wp-json\/wp\/v2\/pages\/42286\/revisions\/42291"}],"wp:featuredmedia":[{"embeddable":true,"href":"https:\/\/www.muniquintero.cl\/index.php\/wp-json\/wp\/v2\/media\/42287"}],"wp:attachment":[{"href":"https:\/\/www.muniquintero.cl\/index.php\/wp-json\/wp\/v2\/media?parent=42286"}],"curies":[{"name":"wp","href":"https:\/\/api.w.org\/{rel}","templated":true}]}}