{"id":41392,"date":"2024-12-31T08:41:55","date_gmt":"2024-12-31T12:41:55","guid":{"rendered":"https:\/\/www.muniquintero.cl\/?page_id=41392"},"modified":"2025-01-08T09:50:49","modified_gmt":"2025-01-08T13:50:49","slug":"procesos-de-pago-permiso-de-circulacion","status":"publish","type":"page","link":"https:\/\/www.muniquintero.cl\/index.php\/procesos-de-pago-permiso-de-circulacion\/","title":{"rendered":"Procesos De Pago Permiso De Circulaci\u00f3n"},"content":{"rendered":"\n<figure class=\"wp-block-image size-large\"><img fetchpriority=\"high\" decoding=\"async\" width=\"1024\" height=\"336\" src=\"https:\/\/www.muniquintero.cl\/wp-content\/uploads\/2024\/12\/CIRCULACION-1024x336.png\" alt=\"\" class=\"wp-image-41393\" srcset=\"https:\/\/www.muniquintero.cl\/wp-content\/uploads\/2024\/12\/CIRCULACION-1024x336.png 1024w, https:\/\/www.muniquintero.cl\/wp-content\/uploads\/2024\/12\/CIRCULACION-300x98.png 300w, https:\/\/www.muniquintero.cl\/wp-content\/uploads\/2024\/12\/CIRCULACION-768x252.png 768w, https:\/\/www.muniquintero.cl\/wp-content\/uploads\/2024\/12\/CIRCULACION.png 1280w\" sizes=\"(max-width: 1024px) 100vw, 1024px\" \/><\/figure>\n\n\n\n<p>La Direcci\u00f3n de Finanzas de la Municipalidad de Quintero, presenta a continuaci\u00f3n informaci\u00f3n relevante sobre los tr\u00e1mites, valores y pagos que se deben realizar para el permiso de circulaci\u00f3n.<\/p>\n\n\n\n<figure class=\"wp-block-gallery has-nested-images columns-default is-cropped wp-block-gallery-1 is-layout-flex wp-block-gallery-is-layout-flex\">\n<figure class=\"wp-block-image size-large\"><img decoding=\"async\" width=\"724\" height=\"1024\" data-id=\"41495\" src=\"https:\/\/www.muniquintero.cl\/wp-content\/uploads\/2025\/01\/CIRCULACION-1-724x1024.jpg\" alt=\"\" class=\"wp-image-41495\" srcset=\"https:\/\/www.muniquintero.cl\/wp-content\/uploads\/2025\/01\/CIRCULACION-1-724x1024.jpg 724w, https:\/\/www.muniquintero.cl\/wp-content\/uploads\/2025\/01\/CIRCULACION-1-212x300.jpg 212w, https:\/\/www.muniquintero.cl\/wp-content\/uploads\/2025\/01\/CIRCULACION-1-768x1086.jpg 768w, https:\/\/www.muniquintero.cl\/wp-content\/uploads\/2025\/01\/CIRCULACION-1-1086x1536.jpg 1086w, https:\/\/www.muniquintero.cl\/wp-content\/uploads\/2025\/01\/CIRCULACION-1-1448x2048.jpg 1448w, https:\/\/www.muniquintero.cl\/wp-content\/uploads\/2025\/01\/CIRCULACION-1-scaled.jpg 1810w\" sizes=\"(max-width: 724px) 100vw, 724px\" \/><\/figure>\n\n\n\n<figure class=\"wp-block-image size-large\"><img decoding=\"async\" width=\"724\" height=\"1024\" data-id=\"41496\" src=\"https:\/\/www.muniquintero.cl\/wp-content\/uploads\/2025\/01\/CIRCULACION-2-724x1024.jpg\" alt=\"\" class=\"wp-image-41496\" srcset=\"https:\/\/www.muniquintero.cl\/wp-content\/uploads\/2025\/01\/CIRCULACION-2-724x1024.jpg 724w, https:\/\/www.muniquintero.cl\/wp-content\/uploads\/2025\/01\/CIRCULACION-2-212x300.jpg 212w, https:\/\/www.muniquintero.cl\/wp-content\/uploads\/2025\/01\/CIRCULACION-2-768x1086.jpg 768w, https:\/\/www.muniquintero.cl\/wp-content\/uploads\/2025\/01\/CIRCULACION-2-1086x1536.jpg 1086w, https:\/\/www.muniquintero.cl\/wp-content\/uploads\/2025\/01\/CIRCULACION-2-1448x2048.jpg 1448w, https:\/\/www.muniquintero.cl\/wp-content\/uploads\/2025\/01\/CIRCULACION-2-scaled.jpg 1810w\" sizes=\"(max-width: 724px) 100vw, 724px\" \/><\/figure>\n<\/figure>\n\n\n\n<figure class=\"wp-block-gallery has-nested-images columns-default is-cropped wp-block-gallery-2 is-layout-flex wp-block-gallery-is-layout-flex\">\n<figure class=\"wp-block-image size-large\"><img loading=\"lazy\" decoding=\"async\" width=\"724\" height=\"1024\" data-id=\"41497\" src=\"https:\/\/www.muniquintero.cl\/wp-content\/uploads\/2025\/01\/CIRCULACION-3-724x1024.jpg\" alt=\"\" class=\"wp-image-41497\" srcset=\"https:\/\/www.muniquintero.cl\/wp-content\/uploads\/2025\/01\/CIRCULACION-3-724x1024.jpg 724w, https:\/\/www.muniquintero.cl\/wp-content\/uploads\/2025\/01\/CIRCULACION-3-212x300.jpg 212w, https:\/\/www.muniquintero.cl\/wp-content\/uploads\/2025\/01\/CIRCULACION-3-768x1086.jpg 768w, https:\/\/www.muniquintero.cl\/wp-content\/uploads\/2025\/01\/CIRCULACION-3-1086x1536.jpg 1086w, https:\/\/www.muniquintero.cl\/wp-content\/uploads\/2025\/01\/CIRCULACION-3-1448x2048.jpg 1448w, https:\/\/www.muniquintero.cl\/wp-content\/uploads\/2025\/01\/CIRCULACION-3-scaled.jpg 1810w\" sizes=\"(max-width: 724px) 100vw, 724px\" \/><\/figure>\n\n\n\n<figure class=\"wp-block-image size-large\"><img loading=\"lazy\" decoding=\"async\" width=\"724\" height=\"1024\" data-id=\"41498\" src=\"https:\/\/www.muniquintero.cl\/wp-content\/uploads\/2025\/01\/CIRCULACION-4-724x1024.jpg\" alt=\"\" class=\"wp-image-41498\" srcset=\"https:\/\/www.muniquintero.cl\/wp-content\/uploads\/2025\/01\/CIRCULACION-4-724x1024.jpg 724w, https:\/\/www.muniquintero.cl\/wp-content\/uploads\/2025\/01\/CIRCULACION-4-212x300.jpg 212w, https:\/\/www.muniquintero.cl\/wp-content\/uploads\/2025\/01\/CIRCULACION-4-768x1086.jpg 768w, https:\/\/www.muniquintero.cl\/wp-content\/uploads\/2025\/01\/CIRCULACION-4-1086x1536.jpg 1086w, https:\/\/www.muniquintero.cl\/wp-content\/uploads\/2025\/01\/CIRCULACION-4-1448x2048.jpg 1448w, https:\/\/www.muniquintero.cl\/wp-content\/uploads\/2025\/01\/CIRCULACION-4-scaled.jpg 1810w\" sizes=\"(max-width: 724px) 100vw, 724px\" \/><\/figure>\n<\/figure>\n","protected":false},"excerpt":{"rendered":"<p>La Direcci\u00f3n de Finanzas de la Municipalidad de Quintero, presenta a continuaci\u00f3n informaci\u00f3n relevante sobre los tr\u00e1mites, valores y pagos que se deben realizar para el permiso de circulaci\u00f3n.<\/p>\n","protected":false},"author":12,"featured_media":0,"parent":0,"menu_order":0,"comment_status":"closed","ping_status":"closed","template":"","meta":{"footnotes":""},"class_list":["post-41392","page","type-page","status-publish","hentry"],"_links":{"self":[{"href":"https:\/\/www.muniquintero.cl\/index.php\/wp-json\/wp\/v2\/pages\/41392","targetHints":{"allow":["GET"]}}],"collection":[{"href":"https:\/\/www.muniquintero.cl\/index.php\/wp-json\/wp\/v2\/pages"}],"about":[{"href":"https:\/\/www.muniquintero.cl\/index.php\/wp-json\/wp\/v2\/types\/page"}],"author":[{"embeddable":true,"href":"https:\/\/www.muniquintero.cl\/index.php\/wp-json\/wp\/v2\/users\/12"}],"replies":[{"embeddable":true,"href":"https:\/\/www.muniquintero.cl\/index.php\/wp-json\/wp\/v2\/comments?post=41392"}],"version-history":[{"count":2,"href":"https:\/\/www.muniquintero.cl\/index.php\/wp-json\/wp\/v2\/pages\/41392\/revisions"}],"predecessor-version":[{"id":41499,"href":"https:\/\/www.muniquintero.cl\/index.php\/wp-json\/wp\/v2\/pages\/41392\/revisions\/41499"}],"wp:attachment":[{"href":"https:\/\/www.muniquintero.cl\/index.php\/wp-json\/wp\/v2\/media?parent=41392"}],"curies":[{"name":"wp","href":"https:\/\/api.w.org\/{rel}","templated":true}]}}