{"id":41342,"date":"2024-12-30T16:05:13","date_gmt":"2024-12-30T20:05:13","guid":{"rendered":"https:\/\/www.muniquintero.cl\/?page_id=41342"},"modified":"2025-01-08T09:36:54","modified_gmt":"2025-01-08T13:36:54","slug":"proceso-de-pago-licencias-de-conducir","status":"publish","type":"page","link":"https:\/\/www.muniquintero.cl\/index.php\/proceso-de-pago-licencias-de-conducir\/","title":{"rendered":"Proceso De Pago Licencias De Conducir"},"content":{"rendered":"\n<figure class=\"wp-block-image size-large\"><img fetchpriority=\"high\" decoding=\"async\" width=\"1024\" height=\"336\" src=\"https:\/\/www.muniquintero.cl\/wp-content\/uploads\/2024\/12\/LICENCIAS-1024x336.png\" alt=\"\" class=\"wp-image-41343\" srcset=\"https:\/\/www.muniquintero.cl\/wp-content\/uploads\/2024\/12\/LICENCIAS-1024x336.png 1024w, https:\/\/www.muniquintero.cl\/wp-content\/uploads\/2024\/12\/LICENCIAS-300x98.png 300w, https:\/\/www.muniquintero.cl\/wp-content\/uploads\/2024\/12\/LICENCIAS-768x252.png 768w, https:\/\/www.muniquintero.cl\/wp-content\/uploads\/2024\/12\/LICENCIAS.png 1280w\" sizes=\"(max-width: 1024px) 100vw, 1024px\" \/><\/figure>\n\n\n\n<p>La Direcci\u00f3n de Finanzas de la Municipalidad de Quintero, presenta a continuaci\u00f3n informaci\u00f3n relevante sobre los tr\u00e1mites, valores y pagos que se deben realizar en la Oficina De Licencias De Conducir.<\/p>\n\n\n\n<figure class=\"wp-block-gallery has-nested-images columns-default is-cropped wp-block-gallery-1 is-layout-flex wp-block-gallery-is-layout-flex\">\n<figure class=\"wp-block-image size-large\"><img decoding=\"async\" width=\"724\" height=\"1024\" data-id=\"41475\" src=\"https:\/\/www.muniquintero.cl\/wp-content\/uploads\/2025\/01\/LICENCIA-1-724x1024.jpg\" alt=\"\" class=\"wp-image-41475\" srcset=\"https:\/\/www.muniquintero.cl\/wp-content\/uploads\/2025\/01\/LICENCIA-1-724x1024.jpg 724w, https:\/\/www.muniquintero.cl\/wp-content\/uploads\/2025\/01\/LICENCIA-1-212x300.jpg 212w, https:\/\/www.muniquintero.cl\/wp-content\/uploads\/2025\/01\/LICENCIA-1-768x1086.jpg 768w, https:\/\/www.muniquintero.cl\/wp-content\/uploads\/2025\/01\/LICENCIA-1-1086x1536.jpg 1086w, https:\/\/www.muniquintero.cl\/wp-content\/uploads\/2025\/01\/LICENCIA-1-1448x2048.jpg 1448w, https:\/\/www.muniquintero.cl\/wp-content\/uploads\/2025\/01\/LICENCIA-1-scaled.jpg 1810w\" sizes=\"(max-width: 724px) 100vw, 724px\" \/><\/figure>\n\n\n\n<figure class=\"wp-block-image size-large\"><img decoding=\"async\" width=\"724\" height=\"1024\" data-id=\"41474\" src=\"https:\/\/www.muniquintero.cl\/wp-content\/uploads\/2025\/01\/LICENCIA-2-724x1024.jpg\" alt=\"\" class=\"wp-image-41474\" srcset=\"https:\/\/www.muniquintero.cl\/wp-content\/uploads\/2025\/01\/LICENCIA-2-724x1024.jpg 724w, https:\/\/www.muniquintero.cl\/wp-content\/uploads\/2025\/01\/LICENCIA-2-212x300.jpg 212w, https:\/\/www.muniquintero.cl\/wp-content\/uploads\/2025\/01\/LICENCIA-2-768x1086.jpg 768w, https:\/\/www.muniquintero.cl\/wp-content\/uploads\/2025\/01\/LICENCIA-2-1086x1536.jpg 1086w, https:\/\/www.muniquintero.cl\/wp-content\/uploads\/2025\/01\/LICENCIA-2-1448x2048.jpg 1448w, https:\/\/www.muniquintero.cl\/wp-content\/uploads\/2025\/01\/LICENCIA-2-scaled.jpg 1810w\" sizes=\"(max-width: 724px) 100vw, 724px\" \/><\/figure>\n<\/figure>\n\n\n\n<figure class=\"wp-block-gallery has-nested-images columns-default is-cropped wp-block-gallery-2 is-layout-flex wp-block-gallery-is-layout-flex\">\n<figure class=\"wp-block-image size-large\"><img loading=\"lazy\" decoding=\"async\" width=\"724\" height=\"1024\" data-id=\"41477\" src=\"https:\/\/www.muniquintero.cl\/wp-content\/uploads\/2025\/01\/LICENCIA-3-724x1024.jpg\" alt=\"\" class=\"wp-image-41477\" srcset=\"https:\/\/www.muniquintero.cl\/wp-content\/uploads\/2025\/01\/LICENCIA-3-724x1024.jpg 724w, https:\/\/www.muniquintero.cl\/wp-content\/uploads\/2025\/01\/LICENCIA-3-212x300.jpg 212w, https:\/\/www.muniquintero.cl\/wp-content\/uploads\/2025\/01\/LICENCIA-3-768x1086.jpg 768w, https:\/\/www.muniquintero.cl\/wp-content\/uploads\/2025\/01\/LICENCIA-3-1086x1536.jpg 1086w, https:\/\/www.muniquintero.cl\/wp-content\/uploads\/2025\/01\/LICENCIA-3-1448x2048.jpg 1448w, https:\/\/www.muniquintero.cl\/wp-content\/uploads\/2025\/01\/LICENCIA-3-scaled.jpg 1810w\" sizes=\"(max-width: 724px) 100vw, 724px\" \/><\/figure>\n\n\n\n<figure class=\"wp-block-image size-large\"><img loading=\"lazy\" decoding=\"async\" width=\"724\" height=\"1024\" data-id=\"41476\" src=\"https:\/\/www.muniquintero.cl\/wp-content\/uploads\/2025\/01\/LICENCIA-4-724x1024.jpg\" alt=\"\" class=\"wp-image-41476\" srcset=\"https:\/\/www.muniquintero.cl\/wp-content\/uploads\/2025\/01\/LICENCIA-4-724x1024.jpg 724w, https:\/\/www.muniquintero.cl\/wp-content\/uploads\/2025\/01\/LICENCIA-4-212x300.jpg 212w, https:\/\/www.muniquintero.cl\/wp-content\/uploads\/2025\/01\/LICENCIA-4-768x1086.jpg 768w, https:\/\/www.muniquintero.cl\/wp-content\/uploads\/2025\/01\/LICENCIA-4-1086x1536.jpg 1086w, https:\/\/www.muniquintero.cl\/wp-content\/uploads\/2025\/01\/LICENCIA-4-1448x2048.jpg 1448w, https:\/\/www.muniquintero.cl\/wp-content\/uploads\/2025\/01\/LICENCIA-4-scaled.jpg 1810w\" sizes=\"(max-width: 724px) 100vw, 724px\" \/><\/figure>\n<\/figure>\n\n\n\n<figure class=\"wp-block-gallery has-nested-images columns-default is-cropped wp-block-gallery-3 is-layout-flex wp-block-gallery-is-layout-flex\">\n<figure class=\"wp-block-image size-large\"><img loading=\"lazy\" decoding=\"async\" width=\"724\" height=\"1024\" data-id=\"41478\" src=\"https:\/\/www.muniquintero.cl\/wp-content\/uploads\/2025\/01\/LICENCIA-5-724x1024.jpg\" alt=\"\" class=\"wp-image-41478\" srcset=\"https:\/\/www.muniquintero.cl\/wp-content\/uploads\/2025\/01\/LICENCIA-5-724x1024.jpg 724w, https:\/\/www.muniquintero.cl\/wp-content\/uploads\/2025\/01\/LICENCIA-5-212x300.jpg 212w, https:\/\/www.muniquintero.cl\/wp-content\/uploads\/2025\/01\/LICENCIA-5-768x1086.jpg 768w, https:\/\/www.muniquintero.cl\/wp-content\/uploads\/2025\/01\/LICENCIA-5-1086x1536.jpg 1086w, https:\/\/www.muniquintero.cl\/wp-content\/uploads\/2025\/01\/LICENCIA-5-1448x2048.jpg 1448w, https:\/\/www.muniquintero.cl\/wp-content\/uploads\/2025\/01\/LICENCIA-5-scaled.jpg 1810w\" sizes=\"(max-width: 724px) 100vw, 724px\" \/><\/figure>\n\n\n\n<figure class=\"wp-block-image size-large\"><img loading=\"lazy\" decoding=\"async\" width=\"724\" height=\"1024\" data-id=\"41479\" src=\"https:\/\/www.muniquintero.cl\/wp-content\/uploads\/2025\/01\/LICENCIA-6-724x1024.jpg\" alt=\"\" class=\"wp-image-41479\" srcset=\"https:\/\/www.muniquintero.cl\/wp-content\/uploads\/2025\/01\/LICENCIA-6-724x1024.jpg 724w, https:\/\/www.muniquintero.cl\/wp-content\/uploads\/2025\/01\/LICENCIA-6-212x300.jpg 212w, https:\/\/www.muniquintero.cl\/wp-content\/uploads\/2025\/01\/LICENCIA-6-768x1086.jpg 768w, https:\/\/www.muniquintero.cl\/wp-content\/uploads\/2025\/01\/LICENCIA-6-1086x1536.jpg 1086w, https:\/\/www.muniquintero.cl\/wp-content\/uploads\/2025\/01\/LICENCIA-6-1448x2048.jpg 1448w, https:\/\/www.muniquintero.cl\/wp-content\/uploads\/2025\/01\/LICENCIA-6-scaled.jpg 1810w\" sizes=\"(max-width: 724px) 100vw, 724px\" \/><\/figure>\n<\/figure>\n\n\n\n<figure class=\"wp-block-gallery has-nested-images columns-default is-cropped wp-block-gallery-4 is-layout-flex wp-block-gallery-is-layout-flex\">\n<figure class=\"wp-block-image size-large\"><img loading=\"lazy\" decoding=\"async\" width=\"724\" height=\"1024\" data-id=\"41480\" src=\"https:\/\/www.muniquintero.cl\/wp-content\/uploads\/2025\/01\/LICENCIA-7-724x1024.jpg\" alt=\"\" class=\"wp-image-41480\" srcset=\"https:\/\/www.muniquintero.cl\/wp-content\/uploads\/2025\/01\/LICENCIA-7-724x1024.jpg 724w, https:\/\/www.muniquintero.cl\/wp-content\/uploads\/2025\/01\/LICENCIA-7-212x300.jpg 212w, https:\/\/www.muniquintero.cl\/wp-content\/uploads\/2025\/01\/LICENCIA-7-768x1086.jpg 768w, https:\/\/www.muniquintero.cl\/wp-content\/uploads\/2025\/01\/LICENCIA-7-1086x1536.jpg 1086w, https:\/\/www.muniquintero.cl\/wp-content\/uploads\/2025\/01\/LICENCIA-7-1448x2048.jpg 1448w, https:\/\/www.muniquintero.cl\/wp-content\/uploads\/2025\/01\/LICENCIA-7-scaled.jpg 1810w\" sizes=\"(max-width: 724px) 100vw, 724px\" \/><\/figure>\n\n\n\n<figure class=\"wp-block-image size-large\"><img loading=\"lazy\" decoding=\"async\" width=\"724\" height=\"1024\" data-id=\"41481\" src=\"https:\/\/www.muniquintero.cl\/wp-content\/uploads\/2025\/01\/LICENCIA-8-724x1024.jpg\" alt=\"\" class=\"wp-image-41481\" srcset=\"https:\/\/www.muniquintero.cl\/wp-content\/uploads\/2025\/01\/LICENCIA-8-724x1024.jpg 724w, https:\/\/www.muniquintero.cl\/wp-content\/uploads\/2025\/01\/LICENCIA-8-212x300.jpg 212w, https:\/\/www.muniquintero.cl\/wp-content\/uploads\/2025\/01\/LICENCIA-8-768x1086.jpg 768w, https:\/\/www.muniquintero.cl\/wp-content\/uploads\/2025\/01\/LICENCIA-8-1086x1536.jpg 1086w, https:\/\/www.muniquintero.cl\/wp-content\/uploads\/2025\/01\/LICENCIA-8-1448x2048.jpg 1448w, https:\/\/www.muniquintero.cl\/wp-content\/uploads\/2025\/01\/LICENCIA-8-scaled.jpg 1810w\" sizes=\"(max-width: 724px) 100vw, 724px\" \/><\/figure>\n<\/figure>\n\n\n\n<figure class=\"wp-block-gallery has-nested-images columns-default is-cropped wp-block-gallery-5 is-layout-flex wp-block-gallery-is-layout-flex\">\n<figure class=\"wp-block-image size-large\"><img loading=\"lazy\" decoding=\"async\" width=\"724\" height=\"1024\" data-id=\"41482\" src=\"https:\/\/www.muniquintero.cl\/wp-content\/uploads\/2025\/01\/LICENCIA-9-724x1024.jpg\" alt=\"\" class=\"wp-image-41482\" srcset=\"https:\/\/www.muniquintero.cl\/wp-content\/uploads\/2025\/01\/LICENCIA-9-724x1024.jpg 724w, https:\/\/www.muniquintero.cl\/wp-content\/uploads\/2025\/01\/LICENCIA-9-212x300.jpg 212w, https:\/\/www.muniquintero.cl\/wp-content\/uploads\/2025\/01\/LICENCIA-9-768x1086.jpg 768w, https:\/\/www.muniquintero.cl\/wp-content\/uploads\/2025\/01\/LICENCIA-9-1086x1536.jpg 1086w, https:\/\/www.muniquintero.cl\/wp-content\/uploads\/2025\/01\/LICENCIA-9-1448x2048.jpg 1448w, https:\/\/www.muniquintero.cl\/wp-content\/uploads\/2025\/01\/LICENCIA-9-scaled.jpg 1810w\" sizes=\"(max-width: 724px) 100vw, 724px\" \/><\/figure>\n\n\n\n<figure class=\"wp-block-image size-large\"><img loading=\"lazy\" decoding=\"async\" width=\"724\" height=\"1024\" data-id=\"41483\" src=\"https:\/\/www.muniquintero.cl\/wp-content\/uploads\/2025\/01\/LICENCIA-10-724x1024.jpg\" alt=\"\" class=\"wp-image-41483\" srcset=\"https:\/\/www.muniquintero.cl\/wp-content\/uploads\/2025\/01\/LICENCIA-10-724x1024.jpg 724w, https:\/\/www.muniquintero.cl\/wp-content\/uploads\/2025\/01\/LICENCIA-10-212x300.jpg 212w, https:\/\/www.muniquintero.cl\/wp-content\/uploads\/2025\/01\/LICENCIA-10-768x1086.jpg 768w, https:\/\/www.muniquintero.cl\/wp-content\/uploads\/2025\/01\/LICENCIA-10-1086x1536.jpg 1086w, https:\/\/www.muniquintero.cl\/wp-content\/uploads\/2025\/01\/LICENCIA-10-1448x2048.jpg 1448w, https:\/\/www.muniquintero.cl\/wp-content\/uploads\/2025\/01\/LICENCIA-10-scaled.jpg 1810w\" sizes=\"(max-width: 724px) 100vw, 724px\" \/><\/figure>\n<\/figure>\n","protected":false},"excerpt":{"rendered":"<p>La Direcci\u00f3n de Finanzas de la Municipalidad de Quintero, presenta a continuaci\u00f3n informaci\u00f3n relevante sobre los tr\u00e1mites, valores y pagos que se deben realizar en la Oficina De Licencias De Conducir.<\/p>\n","protected":false},"author":12,"featured_media":0,"parent":0,"menu_order":0,"comment_status":"closed","ping_status":"closed","template":"","meta":{"footnotes":""},"class_list":["post-41342","page","type-page","status-publish","hentry"],"_links":{"self":[{"href":"https:\/\/www.muniquintero.cl\/index.php\/wp-json\/wp\/v2\/pages\/41342","targetHints":{"allow":["GET"]}}],"collection":[{"href":"https:\/\/www.muniquintero.cl\/index.php\/wp-json\/wp\/v2\/pages"}],"about":[{"href":"https:\/\/www.muniquintero.cl\/index.php\/wp-json\/wp\/v2\/types\/page"}],"author":[{"embeddable":true,"href":"https:\/\/www.muniquintero.cl\/index.php\/wp-json\/wp\/v2\/users\/12"}],"replies":[{"embeddable":true,"href":"https:\/\/www.muniquintero.cl\/index.php\/wp-json\/wp\/v2\/comments?post=41342"}],"version-history":[{"count":2,"href":"https:\/\/www.muniquintero.cl\/index.php\/wp-json\/wp\/v2\/pages\/41342\/revisions"}],"predecessor-version":[{"id":41484,"href":"https:\/\/www.muniquintero.cl\/index.php\/wp-json\/wp\/v2\/pages\/41342\/revisions\/41484"}],"wp:attachment":[{"href":"https:\/\/www.muniquintero.cl\/index.php\/wp-json\/wp\/v2\/media?parent=41342"}],"curies":[{"name":"wp","href":"https:\/\/api.w.org\/{rel}","templated":true}]}}