{"id":41334,"date":"2024-12-30T16:01:44","date_gmt":"2024-12-30T20:01:44","guid":{"rendered":"https:\/\/www.muniquintero.cl\/?page_id=41334"},"modified":"2025-01-08T09:28:39","modified_gmt":"2025-01-08T13:28:39","slug":"proceso-de-pago-juzgado-de-policia-local","status":"publish","type":"page","link":"https:\/\/www.muniquintero.cl\/index.php\/proceso-de-pago-juzgado-de-policia-local\/","title":{"rendered":"Proceso de Pago Juzgado De Polic\u00eda Local"},"content":{"rendered":"\n<figure class=\"wp-block-image size-large\"><img fetchpriority=\"high\" decoding=\"async\" width=\"1024\" height=\"336\" src=\"https:\/\/www.muniquintero.cl\/wp-content\/uploads\/2024\/12\/JPL-1024x336.png\" alt=\"\" class=\"wp-image-41335\" srcset=\"https:\/\/www.muniquintero.cl\/wp-content\/uploads\/2024\/12\/JPL-1024x336.png 1024w, https:\/\/www.muniquintero.cl\/wp-content\/uploads\/2024\/12\/JPL-300x98.png 300w, https:\/\/www.muniquintero.cl\/wp-content\/uploads\/2024\/12\/JPL-768x252.png 768w, https:\/\/www.muniquintero.cl\/wp-content\/uploads\/2024\/12\/JPL.png 1280w\" sizes=\"(max-width: 1024px) 100vw, 1024px\" \/><\/figure>\n\n\n\n<p>La Direcci\u00f3n de Finanzas de la Municipalidad de Quintero, presenta a continuaci\u00f3n informaci\u00f3n relevante sobre los tr\u00e1mites, valores y pagos que se deben realizar en el Juzgado de Polic\u00eda Local.<\/p>\n\n\n\n<figure class=\"wp-block-gallery has-nested-images columns-default is-cropped wp-block-gallery-1 is-layout-flex wp-block-gallery-is-layout-flex\">\n<figure class=\"wp-block-image size-large\"><img decoding=\"async\" width=\"724\" height=\"1024\" data-id=\"41469\" src=\"https:\/\/www.muniquintero.cl\/wp-content\/uploads\/2025\/01\/JUZGADO-1-724x1024.jpg\" alt=\"\" class=\"wp-image-41469\" srcset=\"https:\/\/www.muniquintero.cl\/wp-content\/uploads\/2025\/01\/JUZGADO-1-724x1024.jpg 724w, https:\/\/www.muniquintero.cl\/wp-content\/uploads\/2025\/01\/JUZGADO-1-212x300.jpg 212w, https:\/\/www.muniquintero.cl\/wp-content\/uploads\/2025\/01\/JUZGADO-1-768x1086.jpg 768w, https:\/\/www.muniquintero.cl\/wp-content\/uploads\/2025\/01\/JUZGADO-1-1086x1536.jpg 1086w, https:\/\/www.muniquintero.cl\/wp-content\/uploads\/2025\/01\/JUZGADO-1-1448x2048.jpg 1448w, https:\/\/www.muniquintero.cl\/wp-content\/uploads\/2025\/01\/JUZGADO-1-scaled.jpg 1810w\" sizes=\"(max-width: 724px) 100vw, 724px\" \/><\/figure>\n\n\n\n<figure class=\"wp-block-image size-large\"><img decoding=\"async\" width=\"724\" height=\"1024\" data-id=\"41468\" src=\"https:\/\/www.muniquintero.cl\/wp-content\/uploads\/2025\/01\/JUZGADO-2-724x1024.jpg\" alt=\"\" class=\"wp-image-41468\" srcset=\"https:\/\/www.muniquintero.cl\/wp-content\/uploads\/2025\/01\/JUZGADO-2-724x1024.jpg 724w, https:\/\/www.muniquintero.cl\/wp-content\/uploads\/2025\/01\/JUZGADO-2-212x300.jpg 212w, https:\/\/www.muniquintero.cl\/wp-content\/uploads\/2025\/01\/JUZGADO-2-768x1086.jpg 768w, https:\/\/www.muniquintero.cl\/wp-content\/uploads\/2025\/01\/JUZGADO-2-1086x1536.jpg 1086w, https:\/\/www.muniquintero.cl\/wp-content\/uploads\/2025\/01\/JUZGADO-2-1448x2048.jpg 1448w, https:\/\/www.muniquintero.cl\/wp-content\/uploads\/2025\/01\/JUZGADO-2-scaled.jpg 1810w\" sizes=\"(max-width: 724px) 100vw, 724px\" \/><\/figure>\n<\/figure>\n\n\n\n<figure class=\"wp-block-gallery has-nested-images columns-default is-cropped wp-block-gallery-2 is-layout-flex wp-block-gallery-is-layout-flex\">\n<figure class=\"wp-block-image size-large\"><img loading=\"lazy\" decoding=\"async\" width=\"724\" height=\"1024\" data-id=\"41470\" src=\"https:\/\/www.muniquintero.cl\/wp-content\/uploads\/2025\/01\/JUZGADO-3-724x1024.jpg\" alt=\"\" class=\"wp-image-41470\" srcset=\"https:\/\/www.muniquintero.cl\/wp-content\/uploads\/2025\/01\/JUZGADO-3-724x1024.jpg 724w, https:\/\/www.muniquintero.cl\/wp-content\/uploads\/2025\/01\/JUZGADO-3-212x300.jpg 212w, https:\/\/www.muniquintero.cl\/wp-content\/uploads\/2025\/01\/JUZGADO-3-768x1086.jpg 768w, https:\/\/www.muniquintero.cl\/wp-content\/uploads\/2025\/01\/JUZGADO-3-1086x1536.jpg 1086w, https:\/\/www.muniquintero.cl\/wp-content\/uploads\/2025\/01\/JUZGADO-3-1448x2048.jpg 1448w, https:\/\/www.muniquintero.cl\/wp-content\/uploads\/2025\/01\/JUZGADO-3-scaled.jpg 1810w\" sizes=\"(max-width: 724px) 100vw, 724px\" \/><\/figure>\n\n\n\n<figure class=\"wp-block-image size-large\"><img loading=\"lazy\" decoding=\"async\" width=\"724\" height=\"1024\" data-id=\"41471\" src=\"https:\/\/www.muniquintero.cl\/wp-content\/uploads\/2025\/01\/JUZGADO-4-724x1024.jpg\" alt=\"\" class=\"wp-image-41471\" srcset=\"https:\/\/www.muniquintero.cl\/wp-content\/uploads\/2025\/01\/JUZGADO-4-724x1024.jpg 724w, https:\/\/www.muniquintero.cl\/wp-content\/uploads\/2025\/01\/JUZGADO-4-212x300.jpg 212w, https:\/\/www.muniquintero.cl\/wp-content\/uploads\/2025\/01\/JUZGADO-4-768x1086.jpg 768w, https:\/\/www.muniquintero.cl\/wp-content\/uploads\/2025\/01\/JUZGADO-4-1086x1536.jpg 1086w, https:\/\/www.muniquintero.cl\/wp-content\/uploads\/2025\/01\/JUZGADO-4-1448x2048.jpg 1448w, https:\/\/www.muniquintero.cl\/wp-content\/uploads\/2025\/01\/JUZGADO-4-scaled.jpg 1810w\" sizes=\"(max-width: 724px) 100vw, 724px\" \/><\/figure>\n<\/figure>\n","protected":false},"excerpt":{"rendered":"<p>La Direcci\u00f3n de Finanzas de la Municipalidad de Quintero, presenta a continuaci\u00f3n informaci\u00f3n relevante sobre los tr\u00e1mites, valores y pagos que se deben realizar en el Juzgado de Polic\u00eda Local.<\/p>\n","protected":false},"author":12,"featured_media":0,"parent":0,"menu_order":0,"comment_status":"closed","ping_status":"closed","template":"","meta":{"footnotes":""},"class_list":["post-41334","page","type-page","status-publish","hentry"],"_links":{"self":[{"href":"https:\/\/www.muniquintero.cl\/index.php\/wp-json\/wp\/v2\/pages\/41334","targetHints":{"allow":["GET"]}}],"collection":[{"href":"https:\/\/www.muniquintero.cl\/index.php\/wp-json\/wp\/v2\/pages"}],"about":[{"href":"https:\/\/www.muniquintero.cl\/index.php\/wp-json\/wp\/v2\/types\/page"}],"author":[{"embeddable":true,"href":"https:\/\/www.muniquintero.cl\/index.php\/wp-json\/wp\/v2\/users\/12"}],"replies":[{"embeddable":true,"href":"https:\/\/www.muniquintero.cl\/index.php\/wp-json\/wp\/v2\/comments?post=41334"}],"version-history":[{"count":2,"href":"https:\/\/www.muniquintero.cl\/index.php\/wp-json\/wp\/v2\/pages\/41334\/revisions"}],"predecessor-version":[{"id":41472,"href":"https:\/\/www.muniquintero.cl\/index.php\/wp-json\/wp\/v2\/pages\/41334\/revisions\/41472"}],"wp:attachment":[{"href":"https:\/\/www.muniquintero.cl\/index.php\/wp-json\/wp\/v2\/media?parent=41334"}],"curies":[{"name":"wp","href":"https:\/\/api.w.org\/{rel}","templated":true}]}}