{"id":41326,"date":"2024-12-30T15:59:39","date_gmt":"2024-12-30T19:59:39","guid":{"rendered":"https:\/\/www.muniquintero.cl\/?page_id=41326"},"modified":"2025-01-08T09:23:51","modified_gmt":"2025-01-08T13:23:51","slug":"procesos-de-pago-cementerio","status":"publish","type":"page","link":"https:\/\/www.muniquintero.cl\/index.php\/procesos-de-pago-cementerio\/","title":{"rendered":"Procesos De Pago Cementerio"},"content":{"rendered":"\n<figure class=\"wp-block-image size-large\"><img fetchpriority=\"high\" decoding=\"async\" width=\"1024\" height=\"336\" src=\"https:\/\/www.muniquintero.cl\/wp-content\/uploads\/2024\/12\/CEMENTERIO-1024x336.png\" alt=\"\" class=\"wp-image-41327\" srcset=\"https:\/\/www.muniquintero.cl\/wp-content\/uploads\/2024\/12\/CEMENTERIO-1024x336.png 1024w, https:\/\/www.muniquintero.cl\/wp-content\/uploads\/2024\/12\/CEMENTERIO-300x98.png 300w, https:\/\/www.muniquintero.cl\/wp-content\/uploads\/2024\/12\/CEMENTERIO-768x252.png 768w, https:\/\/www.muniquintero.cl\/wp-content\/uploads\/2024\/12\/CEMENTERIO.png 1280w\" sizes=\"(max-width: 1024px) 100vw, 1024px\" \/><\/figure>\n\n\n\n<p>La Direcci\u00f3n de Finanzas de la Municipalidad de Quintero, presenta a continuaci\u00f3n informaci\u00f3n relevante sobre los tr\u00e1mites, valores y pagos que se deben realizar en el Cementerio Municipal.<\/p>\n\n\n\n<figure class=\"wp-block-gallery has-nested-images columns-default is-cropped wp-block-gallery-1 is-layout-flex wp-block-gallery-is-layout-flex\">\n<figure class=\"wp-block-image size-large\"><img decoding=\"async\" width=\"724\" height=\"1024\" data-id=\"41462\" src=\"https:\/\/www.muniquintero.cl\/wp-content\/uploads\/2025\/01\/CEMENTERIO-1-1-724x1024.jpg\" alt=\"\" class=\"wp-image-41462\" srcset=\"https:\/\/www.muniquintero.cl\/wp-content\/uploads\/2025\/01\/CEMENTERIO-1-1-724x1024.jpg 724w, https:\/\/www.muniquintero.cl\/wp-content\/uploads\/2025\/01\/CEMENTERIO-1-1-212x300.jpg 212w, https:\/\/www.muniquintero.cl\/wp-content\/uploads\/2025\/01\/CEMENTERIO-1-1-768x1086.jpg 768w, https:\/\/www.muniquintero.cl\/wp-content\/uploads\/2025\/01\/CEMENTERIO-1-1-1086x1536.jpg 1086w, https:\/\/www.muniquintero.cl\/wp-content\/uploads\/2025\/01\/CEMENTERIO-1-1-1448x2048.jpg 1448w, https:\/\/www.muniquintero.cl\/wp-content\/uploads\/2025\/01\/CEMENTERIO-1-1-scaled.jpg 1810w\" sizes=\"(max-width: 724px) 100vw, 724px\" \/><\/figure>\n\n\n\n<figure class=\"wp-block-image size-large\"><img decoding=\"async\" width=\"724\" height=\"1024\" data-id=\"41463\" src=\"https:\/\/www.muniquintero.cl\/wp-content\/uploads\/2025\/01\/CEMENTERIO-2-1-724x1024.jpg\" alt=\"\" class=\"wp-image-41463\" srcset=\"https:\/\/www.muniquintero.cl\/wp-content\/uploads\/2025\/01\/CEMENTERIO-2-1-724x1024.jpg 724w, https:\/\/www.muniquintero.cl\/wp-content\/uploads\/2025\/01\/CEMENTERIO-2-1-212x300.jpg 212w, https:\/\/www.muniquintero.cl\/wp-content\/uploads\/2025\/01\/CEMENTERIO-2-1-768x1086.jpg 768w, https:\/\/www.muniquintero.cl\/wp-content\/uploads\/2025\/01\/CEMENTERIO-2-1-1086x1536.jpg 1086w, https:\/\/www.muniquintero.cl\/wp-content\/uploads\/2025\/01\/CEMENTERIO-2-1-1448x2048.jpg 1448w, https:\/\/www.muniquintero.cl\/wp-content\/uploads\/2025\/01\/CEMENTERIO-2-1-scaled.jpg 1810w\" sizes=\"(max-width: 724px) 100vw, 724px\" \/><\/figure>\n<\/figure>\n\n\n\n<figure class=\"wp-block-gallery has-nested-images columns-default is-cropped wp-block-gallery-2 is-layout-flex wp-block-gallery-is-layout-flex\">\n<figure class=\"wp-block-image size-large\"><img loading=\"lazy\" decoding=\"async\" width=\"724\" height=\"1024\" data-id=\"41464\" src=\"https:\/\/www.muniquintero.cl\/wp-content\/uploads\/2025\/01\/CEMENTERIO-3-1-724x1024.jpg\" alt=\"\" class=\"wp-image-41464\" srcset=\"https:\/\/www.muniquintero.cl\/wp-content\/uploads\/2025\/01\/CEMENTERIO-3-1-724x1024.jpg 724w, https:\/\/www.muniquintero.cl\/wp-content\/uploads\/2025\/01\/CEMENTERIO-3-1-212x300.jpg 212w, https:\/\/www.muniquintero.cl\/wp-content\/uploads\/2025\/01\/CEMENTERIO-3-1-768x1086.jpg 768w, https:\/\/www.muniquintero.cl\/wp-content\/uploads\/2025\/01\/CEMENTERIO-3-1-1086x1536.jpg 1086w, https:\/\/www.muniquintero.cl\/wp-content\/uploads\/2025\/01\/CEMENTERIO-3-1-1448x2048.jpg 1448w, https:\/\/www.muniquintero.cl\/wp-content\/uploads\/2025\/01\/CEMENTERIO-3-1-scaled.jpg 1810w\" sizes=\"(max-width: 724px) 100vw, 724px\" \/><\/figure>\n\n\n\n<figure class=\"wp-block-image size-large\"><img loading=\"lazy\" decoding=\"async\" width=\"724\" height=\"1024\" data-id=\"41465\" src=\"https:\/\/www.muniquintero.cl\/wp-content\/uploads\/2025\/01\/CEMENTERIO-4-1-724x1024.jpg\" alt=\"\" class=\"wp-image-41465\" srcset=\"https:\/\/www.muniquintero.cl\/wp-content\/uploads\/2025\/01\/CEMENTERIO-4-1-724x1024.jpg 724w, https:\/\/www.muniquintero.cl\/wp-content\/uploads\/2025\/01\/CEMENTERIO-4-1-212x300.jpg 212w, https:\/\/www.muniquintero.cl\/wp-content\/uploads\/2025\/01\/CEMENTERIO-4-1-768x1086.jpg 768w, https:\/\/www.muniquintero.cl\/wp-content\/uploads\/2025\/01\/CEMENTERIO-4-1-1086x1536.jpg 1086w, https:\/\/www.muniquintero.cl\/wp-content\/uploads\/2025\/01\/CEMENTERIO-4-1-1448x2048.jpg 1448w, https:\/\/www.muniquintero.cl\/wp-content\/uploads\/2025\/01\/CEMENTERIO-4-1-scaled.jpg 1810w\" sizes=\"(max-width: 724px) 100vw, 724px\" \/><\/figure>\n<\/figure>\n","protected":false},"excerpt":{"rendered":"<p>La Direcci\u00f3n de Finanzas de la Municipalidad de Quintero, presenta a continuaci\u00f3n informaci\u00f3n relevante sobre los tr\u00e1mites, valores y pagos que se deben realizar en el Cementerio Municipal.<\/p>\n","protected":false},"author":12,"featured_media":0,"parent":0,"menu_order":0,"comment_status":"closed","ping_status":"closed","template":"","meta":{"footnotes":""},"class_list":["post-41326","page","type-page","status-publish","hentry"],"_links":{"self":[{"href":"https:\/\/www.muniquintero.cl\/index.php\/wp-json\/wp\/v2\/pages\/41326","targetHints":{"allow":["GET"]}}],"collection":[{"href":"https:\/\/www.muniquintero.cl\/index.php\/wp-json\/wp\/v2\/pages"}],"about":[{"href":"https:\/\/www.muniquintero.cl\/index.php\/wp-json\/wp\/v2\/types\/page"}],"author":[{"embeddable":true,"href":"https:\/\/www.muniquintero.cl\/index.php\/wp-json\/wp\/v2\/users\/12"}],"replies":[{"embeddable":true,"href":"https:\/\/www.muniquintero.cl\/index.php\/wp-json\/wp\/v2\/comments?post=41326"}],"version-history":[{"count":2,"href":"https:\/\/www.muniquintero.cl\/index.php\/wp-json\/wp\/v2\/pages\/41326\/revisions"}],"predecessor-version":[{"id":41466,"href":"https:\/\/www.muniquintero.cl\/index.php\/wp-json\/wp\/v2\/pages\/41326\/revisions\/41466"}],"wp:attachment":[{"href":"https:\/\/www.muniquintero.cl\/index.php\/wp-json\/wp\/v2\/media?parent=41326"}],"curies":[{"name":"wp","href":"https:\/\/api.w.org\/{rel}","templated":true}]}}