{"id":41296,"date":"2024-12-30T15:57:21","date_gmt":"2024-12-30T19:57:21","guid":{"rendered":"https:\/\/www.muniquintero.cl\/?page_id=41296"},"modified":"2024-12-31T08:42:46","modified_gmt":"2024-12-31T12:42:46","slug":"procesos-de-pago","status":"publish","type":"page","link":"https:\/\/www.muniquintero.cl\/index.php\/procesos-de-pago\/","title":{"rendered":"Procesos de Pago"},"content":{"rendered":"\n<figure class=\"wp-block-image size-large\"><img fetchpriority=\"high\" decoding=\"async\" width=\"1024\" height=\"336\" src=\"https:\/\/www.muniquintero.cl\/wp-content\/uploads\/2024\/12\/PROCESOS-DE-PAGO-1024x336.png\" alt=\"\" class=\"wp-image-41297\" srcset=\"https:\/\/www.muniquintero.cl\/wp-content\/uploads\/2024\/12\/PROCESOS-DE-PAGO-1024x336.png 1024w, https:\/\/www.muniquintero.cl\/wp-content\/uploads\/2024\/12\/PROCESOS-DE-PAGO-300x98.png 300w, https:\/\/www.muniquintero.cl\/wp-content\/uploads\/2024\/12\/PROCESOS-DE-PAGO-768x252.png 768w, https:\/\/www.muniquintero.cl\/wp-content\/uploads\/2024\/12\/PROCESOS-DE-PAGO.png 1280w\" sizes=\"(max-width: 1024px) 100vw, 1024px\" \/><\/figure>\n\n\n\n<p>La Direcci\u00f3n de Finanzas de la Municipalidad de Quintero, presenta a continuaci\u00f3n informaci\u00f3n relevante sobre los tr\u00e1mites, valores y pagos que se deben realizar en los siguientes departamentos municipales.<\/p>\n\n\n\n<figure class=\"wp-block-gallery has-nested-images columns-default is-cropped wp-block-gallery-1 is-layout-flex wp-block-gallery-is-layout-flex\">\n<figure class=\"wp-block-image size-large\"><a href=\"https:\/\/www.muniquintero.cl\/index.php\/procesos-de-pago-aseo\/\"><img decoding=\"async\" width=\"863\" height=\"478\" data-id=\"41312\" src=\"https:\/\/www.muniquintero.cl\/wp-content\/uploads\/2024\/12\/aseo-2.png\" alt=\"\" class=\"wp-image-41312\" srcset=\"https:\/\/www.muniquintero.cl\/wp-content\/uploads\/2024\/12\/aseo-2.png 863w, https:\/\/www.muniquintero.cl\/wp-content\/uploads\/2024\/12\/aseo-2-300x166.png 300w, https:\/\/www.muniquintero.cl\/wp-content\/uploads\/2024\/12\/aseo-2-768x425.png 768w\" sizes=\"(max-width: 863px) 100vw, 863px\" \/><\/a><\/figure>\n\n\n\n<figure class=\"wp-block-image size-large\"><a href=\"https:\/\/www.muniquintero.cl\/index.php\/procesos-de-pago-cementerio\/\"><img decoding=\"async\" width=\"863\" height=\"478\" data-id=\"41313\" src=\"https:\/\/www.muniquintero.cl\/wp-content\/uploads\/2024\/12\/cementerio-2.png\" alt=\"\" class=\"wp-image-41313\" srcset=\"https:\/\/www.muniquintero.cl\/wp-content\/uploads\/2024\/12\/cementerio-2.png 863w, https:\/\/www.muniquintero.cl\/wp-content\/uploads\/2024\/12\/cementerio-2-300x166.png 300w, https:\/\/www.muniquintero.cl\/wp-content\/uploads\/2024\/12\/cementerio-2-768x425.png 768w\" sizes=\"(max-width: 863px) 100vw, 863px\" \/><\/a><\/figure>\n\n\n\n<figure class=\"wp-block-image size-large\"><a href=\"https:\/\/www.muniquintero.cl\/index.php\/proceso-de-pago-juzgado-de-policia-local\/\"><img loading=\"lazy\" decoding=\"async\" width=\"863\" height=\"478\" data-id=\"41314\" src=\"https:\/\/www.muniquintero.cl\/wp-content\/uploads\/2024\/12\/jpl-2.png\" alt=\"\" class=\"wp-image-41314\" srcset=\"https:\/\/www.muniquintero.cl\/wp-content\/uploads\/2024\/12\/jpl-2.png 863w, https:\/\/www.muniquintero.cl\/wp-content\/uploads\/2024\/12\/jpl-2-300x166.png 300w, https:\/\/www.muniquintero.cl\/wp-content\/uploads\/2024\/12\/jpl-2-768x425.png 768w\" sizes=\"(max-width: 863px) 100vw, 863px\" \/><\/a><\/figure>\n<\/figure>\n\n\n\n<figure class=\"wp-block-gallery has-nested-images columns-default is-cropped wp-block-gallery-2 is-layout-flex wp-block-gallery-is-layout-flex\">\n<figure class=\"wp-block-image size-large\"><a href=\"https:\/\/www.muniquintero.cl\/index.php\/proceso-de-pago-licencias-de-conducir\/\"><img loading=\"lazy\" decoding=\"async\" width=\"863\" height=\"478\" data-id=\"41315\" src=\"https:\/\/www.muniquintero.cl\/wp-content\/uploads\/2024\/12\/licencia.png\" alt=\"\" class=\"wp-image-41315\" srcset=\"https:\/\/www.muniquintero.cl\/wp-content\/uploads\/2024\/12\/licencia.png 863w, https:\/\/www.muniquintero.cl\/wp-content\/uploads\/2024\/12\/licencia-300x166.png 300w, https:\/\/www.muniquintero.cl\/wp-content\/uploads\/2024\/12\/licencia-768x425.png 768w\" sizes=\"(max-width: 863px) 100vw, 863px\" \/><\/a><\/figure>\n\n\n\n<figure class=\"wp-block-image size-large\"><a href=\"https:\/\/www.muniquintero.cl\/index.php\/proceso-de-pago-en-patentes-comerciales\/https:\/\/www.muniquintero.cl\/index.php\/proceso-de-pago-ventanilla-de-obras\/\"><img loading=\"lazy\" decoding=\"async\" width=\"863\" height=\"478\" data-id=\"41317\" src=\"https:\/\/www.muniquintero.cl\/wp-content\/uploads\/2024\/12\/obras-2.png\" alt=\"\" class=\"wp-image-41317\" srcset=\"https:\/\/www.muniquintero.cl\/wp-content\/uploads\/2024\/12\/obras-2.png 863w, https:\/\/www.muniquintero.cl\/wp-content\/uploads\/2024\/12\/obras-2-300x166.png 300w, https:\/\/www.muniquintero.cl\/wp-content\/uploads\/2024\/12\/obras-2-768x425.png 768w\" sizes=\"(max-width: 863px) 100vw, 863px\" \/><\/a><\/figure>\n\n\n\n<figure class=\"wp-block-image size-large\"><a href=\"https:\/\/www.muniquintero.cl\/index.php\/proceso-de-pago-en-patentes-comerciales\/\"><img loading=\"lazy\" decoding=\"async\" width=\"863\" height=\"478\" data-id=\"41316\" src=\"https:\/\/www.muniquintero.cl\/wp-content\/uploads\/2024\/12\/patente.png\" alt=\"\" class=\"wp-image-41316\" srcset=\"https:\/\/www.muniquintero.cl\/wp-content\/uploads\/2024\/12\/patente.png 863w, https:\/\/www.muniquintero.cl\/wp-content\/uploads\/2024\/12\/patente-300x166.png 300w, https:\/\/www.muniquintero.cl\/wp-content\/uploads\/2024\/12\/patente-768x425.png 768w\" sizes=\"(max-width: 863px) 100vw, 863px\" \/><\/a><\/figure>\n<\/figure>\n\n\n\n<figure class=\"wp-block-image aligncenter size-full is-resized\"><a href=\"https:\/\/www.muniquintero.cl\/index.php\/procesos-de-pago-permiso-de-circulacion\/\"><img loading=\"lazy\" decoding=\"async\" width=\"863\" height=\"478\" src=\"https:\/\/www.muniquintero.cl\/wp-content\/uploads\/2024\/12\/BOTONES-WEB.png\" alt=\"\" class=\"wp-image-41390\" style=\"width:417px;height:auto\" srcset=\"https:\/\/www.muniquintero.cl\/wp-content\/uploads\/2024\/12\/BOTONES-WEB.png 863w, https:\/\/www.muniquintero.cl\/wp-content\/uploads\/2024\/12\/BOTONES-WEB-300x166.png 300w, https:\/\/www.muniquintero.cl\/wp-content\/uploads\/2024\/12\/BOTONES-WEB-768x425.png 768w\" sizes=\"(max-width: 863px) 100vw, 863px\" \/><\/a><\/figure>\n","protected":false},"excerpt":{"rendered":"<p>La Direcci\u00f3n de Finanzas de la Municipalidad de Quintero, presenta a continuaci\u00f3n informaci\u00f3n relevante sobre los tr\u00e1mites, valores y pagos que se deben realizar en los siguientes departamentos municipales.<\/p>\n","protected":false},"author":12,"featured_media":0,"parent":0,"menu_order":0,"comment_status":"closed","ping_status":"closed","template":"","meta":{"footnotes":""},"class_list":["post-41296","page","type-page","status-publish","hentry"],"_links":{"self":[{"href":"https:\/\/www.muniquintero.cl\/index.php\/wp-json\/wp\/v2\/pages\/41296","targetHints":{"allow":["GET"]}}],"collection":[{"href":"https:\/\/www.muniquintero.cl\/index.php\/wp-json\/wp\/v2\/pages"}],"about":[{"href":"https:\/\/www.muniquintero.cl\/index.php\/wp-json\/wp\/v2\/types\/page"}],"author":[{"embeddable":true,"href":"https:\/\/www.muniquintero.cl\/index.php\/wp-json\/wp\/v2\/users\/12"}],"replies":[{"embeddable":true,"href":"https:\/\/www.muniquintero.cl\/index.php\/wp-json\/wp\/v2\/comments?post=41296"}],"version-history":[{"count":7,"href":"https:\/\/www.muniquintero.cl\/index.php\/wp-json\/wp\/v2\/pages\/41296\/revisions"}],"predecessor-version":[{"id":41400,"href":"https:\/\/www.muniquintero.cl\/index.php\/wp-json\/wp\/v2\/pages\/41296\/revisions\/41400"}],"wp:attachment":[{"href":"https:\/\/www.muniquintero.cl\/index.php\/wp-json\/wp\/v2\/media?parent=41296"}],"curies":[{"name":"wp","href":"https:\/\/api.w.org\/{rel}","templated":true}]}}