{"id":39347,"date":"2024-07-30T11:41:50","date_gmt":"2024-07-30T15:41:50","guid":{"rendered":"https:\/\/www.muniquintero.cl\/?page_id=39347"},"modified":"2024-08-29T13:48:02","modified_gmt":"2024-08-29T17:48:02","slug":"nuevo-cesfam-quintero","status":"publish","type":"page","link":"https:\/\/www.muniquintero.cl\/index.php\/nuevo-cesfam-quintero\/","title":{"rendered":"Nuevo CESFAM Quintero"},"content":{"rendered":"\n<figure class=\"wp-block-image size-large\"><img fetchpriority=\"high\" decoding=\"async\" width=\"1024\" height=\"336\" src=\"https:\/\/www.muniquintero.cl\/wp-content\/uploads\/2024\/07\/BANNER-CESFAM1-1024x336.png\" alt=\"\" class=\"wp-image-39348\" srcset=\"https:\/\/www.muniquintero.cl\/wp-content\/uploads\/2024\/07\/BANNER-CESFAM1-1024x336.png 1024w, https:\/\/www.muniquintero.cl\/wp-content\/uploads\/2024\/07\/BANNER-CESFAM1-300x99.png 300w, https:\/\/www.muniquintero.cl\/wp-content\/uploads\/2024\/07\/BANNER-CESFAM1-768x252.png 768w, https:\/\/www.muniquintero.cl\/wp-content\/uploads\/2024\/07\/BANNER-CESFAM1-1536x505.png 1536w, https:\/\/www.muniquintero.cl\/wp-content\/uploads\/2024\/07\/BANNER-CESFAM1-2048x673.png 2048w\" sizes=\"(max-width: 1024px) 100vw, 1024px\" \/><\/figure>\n\n\n\n<p>CESFAM de Quintero se encuentra con sus puertas abiertas, atendiendo a m\u00e1s de 20 mil usuarios en la comuna.<\/p>\n\n\n\n<p>Compartimos esta importante informaci\u00f3n para conocer acerca del funcionamiento y servicios con que contar\u00e1 el Centro de Salud Familiar Quintero.<\/p>\n\n\n\n<div class=\"wp-block-group is-layout-constrained wp-block-group-is-layout-constrained\">\n<div class=\"wp-block-group is-layout-constrained wp-block-group-is-layout-constrained\">\n<figure class=\"wp-block-gallery has-nested-images columns-default is-cropped wp-block-gallery-1 is-layout-flex wp-block-gallery-is-layout-flex\">\n<figure class=\"wp-block-image size-large\"><img decoding=\"async\" width=\"1024\" height=\"1024\" data-id=\"39374\" src=\"https:\/\/www.muniquintero.cl\/wp-content\/uploads\/2024\/07\/1-3-1024x1024.jpg\" alt=\"\" class=\"wp-image-39374\" srcset=\"https:\/\/www.muniquintero.cl\/wp-content\/uploads\/2024\/07\/1-3-1024x1024.jpg 1024w, https:\/\/www.muniquintero.cl\/wp-content\/uploads\/2024\/07\/1-3-300x300.jpg 300w, https:\/\/www.muniquintero.cl\/wp-content\/uploads\/2024\/07\/1-3-150x150.jpg 150w, https:\/\/www.muniquintero.cl\/wp-content\/uploads\/2024\/07\/1-3-768x768.jpg 768w, https:\/\/www.muniquintero.cl\/wp-content\/uploads\/2024\/07\/1-3-1536x1536.jpg 1536w, https:\/\/www.muniquintero.cl\/wp-content\/uploads\/2024\/07\/1-3.jpg 1600w\" sizes=\"(max-width: 1024px) 100vw, 1024px\" \/><\/figure>\n\n\n\n<figure class=\"wp-block-image size-large\"><img decoding=\"async\" width=\"1024\" height=\"1024\" data-id=\"39375\" src=\"https:\/\/www.muniquintero.cl\/wp-content\/uploads\/2024\/07\/2-3-1024x1024.jpg\" alt=\"\" class=\"wp-image-39375\" srcset=\"https:\/\/www.muniquintero.cl\/wp-content\/uploads\/2024\/07\/2-3-1024x1024.jpg 1024w, https:\/\/www.muniquintero.cl\/wp-content\/uploads\/2024\/07\/2-3-300x300.jpg 300w, https:\/\/www.muniquintero.cl\/wp-content\/uploads\/2024\/07\/2-3-150x150.jpg 150w, https:\/\/www.muniquintero.cl\/wp-content\/uploads\/2024\/07\/2-3-768x768.jpg 768w, https:\/\/www.muniquintero.cl\/wp-content\/uploads\/2024\/07\/2-3.jpg 1080w\" sizes=\"(max-width: 1024px) 100vw, 1024px\" \/><\/figure>\n<\/figure>\n\n\n\n<figure class=\"wp-block-gallery has-nested-images columns-default is-cropped wp-block-gallery-2 is-layout-flex wp-block-gallery-is-layout-flex\">\n<figure class=\"wp-block-image\"><img loading=\"lazy\" decoding=\"async\" width=\"1080\" height=\"1080\" data-id=\"39376\" src=\"https:\/\/www.muniquintero.cl\/wp-content\/uploads\/2024\/07\/3-3.jpg\" alt=\"\" class=\"wp-image-39376\" srcset=\"https:\/\/www.muniquintero.cl\/wp-content\/uploads\/2024\/07\/3-3.jpg 1080w, https:\/\/www.muniquintero.cl\/wp-content\/uploads\/2024\/07\/3-3-300x300.jpg 300w, https:\/\/www.muniquintero.cl\/wp-content\/uploads\/2024\/07\/3-3-1024x1024.jpg 1024w, https:\/\/www.muniquintero.cl\/wp-content\/uploads\/2024\/07\/3-3-150x150.jpg 150w, https:\/\/www.muniquintero.cl\/wp-content\/uploads\/2024\/07\/3-3-768x768.jpg 768w\" sizes=\"(max-width: 1080px) 100vw, 1080px\" \/><\/figure>\n\n\n\n<figure class=\"wp-block-image\"><img loading=\"lazy\" decoding=\"async\" width=\"1080\" height=\"1080\" data-id=\"39377\" src=\"https:\/\/www.muniquintero.cl\/wp-content\/uploads\/2024\/07\/4-2.jpg\" alt=\"\" class=\"wp-image-39377\" srcset=\"https:\/\/www.muniquintero.cl\/wp-content\/uploads\/2024\/07\/4-2.jpg 1080w, https:\/\/www.muniquintero.cl\/wp-content\/uploads\/2024\/07\/4-2-300x300.jpg 300w, https:\/\/www.muniquintero.cl\/wp-content\/uploads\/2024\/07\/4-2-1024x1024.jpg 1024w, https:\/\/www.muniquintero.cl\/wp-content\/uploads\/2024\/07\/4-2-150x150.jpg 150w, https:\/\/www.muniquintero.cl\/wp-content\/uploads\/2024\/07\/4-2-768x768.jpg 768w\" sizes=\"(max-width: 1080px) 100vw, 1080px\" \/><\/figure>\n<\/figure>\n\n\n\n<p>Nueva Distribuci\u00f3n del Sistema de Atenci\u00f3n Primaria de Salud<br>Con la apertura del Nuevo CESFAM de Quintero y para una mejor atenci\u00f3n de todos los usuarios, el recinto est\u00e1 dividido en dos secciones de acuerdo a los datos demogr\u00e1ficos de poblaci\u00f3n para separar los servicios en funci\u00f3n de la cantidad de habitantes, en zona norte y zona sur con el eje en Calle Enrique Meiggs.<br>De este forma, las personas de los sectores rurales y Loncura, deber\u00e1n atenderse en la Posta de Salud Rural de Loncura, ubicada en calle Chimbote #1900.<br>Los habitantes de la pen\u00ednsula en tanto, ser\u00e1n divididos en la zona norte y zona sur. En el primer piso del nuevo CESFAM se realizar\u00e1n las atenciones transversales a los pacientes (curaciones, vacunas, rehabilitaci\u00f3n, etc) mientras que en el segundo piso se efectuar\u00e1 la atenci\u00f3n focalizada para ambos grupos diferenciados.<\/p>\n<\/div>\n<\/div>\n\n\n\n<figure class=\"wp-block-gallery has-nested-images columns-default is-cropped wp-block-gallery-3 is-layout-flex wp-block-gallery-is-layout-flex\">\n<figure class=\"wp-block-image size-large\"><img loading=\"lazy\" decoding=\"async\" width=\"1024\" height=\"1024\" data-id=\"39358\" src=\"https:\/\/www.muniquintero.cl\/wp-content\/uploads\/2024\/07\/1-1-1024x1024.jpg\" alt=\"\" class=\"wp-image-39358\" srcset=\"https:\/\/www.muniquintero.cl\/wp-content\/uploads\/2024\/07\/1-1-1024x1024.jpg 1024w, https:\/\/www.muniquintero.cl\/wp-content\/uploads\/2024\/07\/1-1-300x300.jpg 300w, https:\/\/www.muniquintero.cl\/wp-content\/uploads\/2024\/07\/1-1-150x150.jpg 150w, https:\/\/www.muniquintero.cl\/wp-content\/uploads\/2024\/07\/1-1-768x768.jpg 768w, https:\/\/www.muniquintero.cl\/wp-content\/uploads\/2024\/07\/1-1.jpg 1080w\" sizes=\"(max-width: 1024px) 100vw, 1024px\" \/><\/figure>\n\n\n\n<figure class=\"wp-block-image size-large\"><img loading=\"lazy\" decoding=\"async\" width=\"1024\" height=\"1024\" data-id=\"39356\" src=\"https:\/\/www.muniquintero.cl\/wp-content\/uploads\/2024\/07\/2-1-1024x1024.jpg\" alt=\"\" class=\"wp-image-39356\" srcset=\"https:\/\/www.muniquintero.cl\/wp-content\/uploads\/2024\/07\/2-1-1024x1024.jpg 1024w, https:\/\/www.muniquintero.cl\/wp-content\/uploads\/2024\/07\/2-1-300x300.jpg 300w, https:\/\/www.muniquintero.cl\/wp-content\/uploads\/2024\/07\/2-1-150x150.jpg 150w, https:\/\/www.muniquintero.cl\/wp-content\/uploads\/2024\/07\/2-1-768x768.jpg 768w, https:\/\/www.muniquintero.cl\/wp-content\/uploads\/2024\/07\/2-1.jpg 1080w\" sizes=\"(max-width: 1024px) 100vw, 1024px\" \/><\/figure>\n\n\n\n<figure class=\"wp-block-image size-large\"><img loading=\"lazy\" decoding=\"async\" width=\"1024\" height=\"1024\" data-id=\"39357\" src=\"https:\/\/www.muniquintero.cl\/wp-content\/uploads\/2024\/07\/3-1-1024x1024.jpg\" alt=\"\" class=\"wp-image-39357\" srcset=\"https:\/\/www.muniquintero.cl\/wp-content\/uploads\/2024\/07\/3-1-1024x1024.jpg 1024w, https:\/\/www.muniquintero.cl\/wp-content\/uploads\/2024\/07\/3-1-300x300.jpg 300w, https:\/\/www.muniquintero.cl\/wp-content\/uploads\/2024\/07\/3-1-150x150.jpg 150w, https:\/\/www.muniquintero.cl\/wp-content\/uploads\/2024\/07\/3-1-768x768.jpg 768w, https:\/\/www.muniquintero.cl\/wp-content\/uploads\/2024\/07\/3-1.jpg 1080w\" sizes=\"(max-width: 1024px) 100vw, 1024px\" \/><\/figure>\n<\/figure>\n\n\n\n<p>El CESFAM de Quintero cuenta con diversos horarios de atenci\u00f3n de acuerdo a los servicios que requieran los usuarios. Para mayor informaci\u00f3n, puede consultar a trav\u00e9s de los tel\u00e9fonos dispuestos por el Departamento de Salud dependiendo del sector de su atenci\u00f3n.<\/p>\n\n\n\n<figure class=\"wp-block-gallery has-nested-images columns-default is-cropped wp-block-gallery-4 is-layout-flex wp-block-gallery-is-layout-flex\">\n<figure class=\"wp-block-image size-large\"><img loading=\"lazy\" decoding=\"async\" width=\"1024\" height=\"1024\" data-id=\"39368\" src=\"https:\/\/www.muniquintero.cl\/wp-content\/uploads\/2024\/07\/1-2-1024x1024.png\" alt=\"\" class=\"wp-image-39368\" srcset=\"https:\/\/www.muniquintero.cl\/wp-content\/uploads\/2024\/07\/1-2-1024x1024.png 1024w, https:\/\/www.muniquintero.cl\/wp-content\/uploads\/2024\/07\/1-2-300x300.png 300w, https:\/\/www.muniquintero.cl\/wp-content\/uploads\/2024\/07\/1-2-150x150.png 150w, https:\/\/www.muniquintero.cl\/wp-content\/uploads\/2024\/07\/1-2-768x768.png 768w, https:\/\/www.muniquintero.cl\/wp-content\/uploads\/2024\/07\/1-2.png 1080w\" sizes=\"(max-width: 1024px) 100vw, 1024px\" \/><\/figure>\n\n\n\n<figure class=\"wp-block-image size-large\"><img loading=\"lazy\" decoding=\"async\" width=\"1024\" height=\"1024\" data-id=\"39367\" src=\"https:\/\/www.muniquintero.cl\/wp-content\/uploads\/2024\/07\/HORARIO-21-copia-1024x1024.png\" alt=\"\" class=\"wp-image-39367\" srcset=\"https:\/\/www.muniquintero.cl\/wp-content\/uploads\/2024\/07\/HORARIO-21-copia-1024x1024.png 1024w, https:\/\/www.muniquintero.cl\/wp-content\/uploads\/2024\/07\/HORARIO-21-copia-300x300.png 300w, https:\/\/www.muniquintero.cl\/wp-content\/uploads\/2024\/07\/HORARIO-21-copia-150x150.png 150w, https:\/\/www.muniquintero.cl\/wp-content\/uploads\/2024\/07\/HORARIO-21-copia-768x768.png 768w, https:\/\/www.muniquintero.cl\/wp-content\/uploads\/2024\/07\/HORARIO-21-copia.png 1080w\" sizes=\"(max-width: 1024px) 100vw, 1024px\" \/><\/figure>\n<\/figure>\n\n\n\n<p>El Nuevo Cesfam de Quintero cuenta con una serie de programas de salud para toda la familia y tambi\u00e9n garant\u00edas asociadas a cada una de ellas.<\/p>\n\n\n\n<p>Los invitamos a acercarse al Centro de Salud Familiar a conocer m\u00e1s acerca de estos programas y c\u00f3mo acceder a ellos de manera gratuita para toda la poblaci\u00f3n.<\/p>\n\n\n\n<figure class=\"wp-block-gallery has-nested-images columns-default is-cropped wp-block-gallery-5 is-layout-flex wp-block-gallery-is-layout-flex\">\n<figure class=\"wp-block-image size-large\"><img loading=\"lazy\" decoding=\"async\" width=\"1024\" height=\"1024\" data-id=\"39366\" src=\"https:\/\/www.muniquintero.cl\/wp-content\/uploads\/2024\/07\/1-2-1024x1024.jpg\" alt=\"\" class=\"wp-image-39366\" srcset=\"https:\/\/www.muniquintero.cl\/wp-content\/uploads\/2024\/07\/1-2-1024x1024.jpg 1024w, https:\/\/www.muniquintero.cl\/wp-content\/uploads\/2024\/07\/1-2-300x300.jpg 300w, https:\/\/www.muniquintero.cl\/wp-content\/uploads\/2024\/07\/1-2-150x150.jpg 150w, https:\/\/www.muniquintero.cl\/wp-content\/uploads\/2024\/07\/1-2-768x768.jpg 768w, https:\/\/www.muniquintero.cl\/wp-content\/uploads\/2024\/07\/1-2.jpg 1080w\" sizes=\"(max-width: 1024px) 100vw, 1024px\" \/><\/figure>\n\n\n\n<figure class=\"wp-block-image size-large\"><img loading=\"lazy\" decoding=\"async\" width=\"1024\" height=\"1024\" data-id=\"39364\" src=\"https:\/\/www.muniquintero.cl\/wp-content\/uploads\/2024\/07\/2-2-1024x1024.jpg\" alt=\"\" class=\"wp-image-39364\" srcset=\"https:\/\/www.muniquintero.cl\/wp-content\/uploads\/2024\/07\/2-2-1024x1024.jpg 1024w, https:\/\/www.muniquintero.cl\/wp-content\/uploads\/2024\/07\/2-2-300x300.jpg 300w, https:\/\/www.muniquintero.cl\/wp-content\/uploads\/2024\/07\/2-2-150x150.jpg 150w, https:\/\/www.muniquintero.cl\/wp-content\/uploads\/2024\/07\/2-2-768x768.jpg 768w, https:\/\/www.muniquintero.cl\/wp-content\/uploads\/2024\/07\/2-2.jpg 1080w\" sizes=\"(max-width: 1024px) 100vw, 1024px\" \/><\/figure>\n\n\n\n<figure class=\"wp-block-image size-large\"><img loading=\"lazy\" decoding=\"async\" width=\"1024\" height=\"1024\" data-id=\"39365\" src=\"https:\/\/www.muniquintero.cl\/wp-content\/uploads\/2024\/07\/3-2-1024x1024.jpg\" alt=\"\" class=\"wp-image-39365\" srcset=\"https:\/\/www.muniquintero.cl\/wp-content\/uploads\/2024\/07\/3-2-1024x1024.jpg 1024w, https:\/\/www.muniquintero.cl\/wp-content\/uploads\/2024\/07\/3-2-300x300.jpg 300w, https:\/\/www.muniquintero.cl\/wp-content\/uploads\/2024\/07\/3-2-150x150.jpg 150w, https:\/\/www.muniquintero.cl\/wp-content\/uploads\/2024\/07\/3-2-768x768.jpg 768w, https:\/\/www.muniquintero.cl\/wp-content\/uploads\/2024\/07\/3-2.jpg 1080w\" sizes=\"(max-width: 1024px) 100vw, 1024px\" \/><\/figure>\n\n\n\n<figure class=\"wp-block-image size-large\"><img loading=\"lazy\" decoding=\"async\" width=\"1024\" height=\"1024\" data-id=\"39363\" src=\"https:\/\/www.muniquintero.cl\/wp-content\/uploads\/2024\/07\/4-1-1024x1024.jpg\" alt=\"\" class=\"wp-image-39363\" srcset=\"https:\/\/www.muniquintero.cl\/wp-content\/uploads\/2024\/07\/4-1-1024x1024.jpg 1024w, https:\/\/www.muniquintero.cl\/wp-content\/uploads\/2024\/07\/4-1-300x300.jpg 300w, https:\/\/www.muniquintero.cl\/wp-content\/uploads\/2024\/07\/4-1-150x150.jpg 150w, https:\/\/www.muniquintero.cl\/wp-content\/uploads\/2024\/07\/4-1-768x768.jpg 768w, https:\/\/www.muniquintero.cl\/wp-content\/uploads\/2024\/07\/4-1.jpg 1080w\" sizes=\"(max-width: 1024px) 100vw, 1024px\" \/><\/figure>\n\n\n\n<figure class=\"wp-block-image size-large\"><img loading=\"lazy\" decoding=\"async\" width=\"1024\" height=\"1024\" data-id=\"39362\" src=\"https:\/\/www.muniquintero.cl\/wp-content\/uploads\/2024\/07\/5-1024x1024.jpg\" alt=\"\" class=\"wp-image-39362\" srcset=\"https:\/\/www.muniquintero.cl\/wp-content\/uploads\/2024\/07\/5-1024x1024.jpg 1024w, https:\/\/www.muniquintero.cl\/wp-content\/uploads\/2024\/07\/5-300x300.jpg 300w, https:\/\/www.muniquintero.cl\/wp-content\/uploads\/2024\/07\/5-150x150.jpg 150w, https:\/\/www.muniquintero.cl\/wp-content\/uploads\/2024\/07\/5-768x768.jpg 768w, https:\/\/www.muniquintero.cl\/wp-content\/uploads\/2024\/07\/5.jpg 1080w\" sizes=\"(max-width: 1024px) 100vw, 1024px\" \/><\/figure>\n<\/figure>\n\n\n\n<p>A partir del 2 de septiembre, el CESFAM de Quintero contar\u00e1 con dos n\u00fameros de tel\u00e9fonos habilitados para las solicitudes de horas m\u00e9dicas por morbilidad, los que atender\u00e1n entre las 8:00 y 10:30 horas.<br>El fono 32-2576460 dar\u00e1 preferencia a ni\u00f1os y ni\u00f1as menores de 5 a\u00f1os, y personas mayores sobre 65 a\u00f1os. Por otra parte, el fono 32-2576461, tambi\u00e9n estar\u00e1 habilita para el p\u00fablico general, ambos en el horario se\u00f1alado anteriormente.<\/p>\n\n\n\n<figure class=\"wp-block-gallery has-nested-images columns-default is-cropped wp-block-gallery-6 is-layout-flex wp-block-gallery-is-layout-flex\">\n<figure class=\"wp-block-image size-large\"><img loading=\"lazy\" decoding=\"async\" width=\"600\" height=\"600\" data-id=\"39786\" src=\"https:\/\/www.muniquintero.cl\/wp-content\/uploads\/2024\/08\/cesfam1.jpg\" alt=\"\" class=\"wp-image-39786\" srcset=\"https:\/\/www.muniquintero.cl\/wp-content\/uploads\/2024\/08\/cesfam1.jpg 600w, https:\/\/www.muniquintero.cl\/wp-content\/uploads\/2024\/08\/cesfam1-300x300.jpg 300w, https:\/\/www.muniquintero.cl\/wp-content\/uploads\/2024\/08\/cesfam1-150x150.jpg 150w\" sizes=\"(max-width: 600px) 100vw, 600px\" \/><\/figure>\n\n\n\n<figure class=\"wp-block-image size-large\"><img loading=\"lazy\" decoding=\"async\" width=\"1024\" height=\"1024\" data-id=\"39787\" src=\"https:\/\/www.muniquintero.cl\/wp-content\/uploads\/2024\/08\/cesfam2-1024x1024.jpg\" alt=\"\" class=\"wp-image-39787\" srcset=\"https:\/\/www.muniquintero.cl\/wp-content\/uploads\/2024\/08\/cesfam2-1024x1024.jpg 1024w, https:\/\/www.muniquintero.cl\/wp-content\/uploads\/2024\/08\/cesfam2-300x300.jpg 300w, https:\/\/www.muniquintero.cl\/wp-content\/uploads\/2024\/08\/cesfam2-150x150.jpg 150w, https:\/\/www.muniquintero.cl\/wp-content\/uploads\/2024\/08\/cesfam2-768x768.jpg 768w, https:\/\/www.muniquintero.cl\/wp-content\/uploads\/2024\/08\/cesfam2-1536x1536.jpg 1536w, https:\/\/www.muniquintero.cl\/wp-content\/uploads\/2024\/08\/cesfam2.jpg 1600w\" sizes=\"(max-width: 1024px) 100vw, 1024px\" \/><\/figure>\n<\/figure>\n\n\n\n<p><br>Para consultas sobre atenci\u00f3n del SOME y programas del CESFAM, tambi\u00e9n se habilitaron n\u00fameros de tel\u00e9fonos dedicados por sector y de manera transversal.<br>Les recordamos que desde el pr\u00f3ximo mes, ya no ser\u00e1 necesario hacer filas para la obtenci\u00f3n de n\u00famero por morbilidad, los cu\u00e1les ser\u00e1n entregados v\u00eda telef\u00f3nica para el mismo d\u00eda y cuya atenci\u00f3n se realizar\u00e1 en horario de tarde. Los casos de urgencia, deben ser atendidos exclusivamente en el Hospital de Quintero.<\/p>\n\n\n\n<figure class=\"wp-block-embed is-type-video is-provider-youtube wp-block-embed-youtube wp-embed-aspect-16-9 wp-has-aspect-ratio\"><div class=\"wp-block-embed__wrapper\">\n<iframe title=\"CESFAM Inici\u00f3 Atenci\u00f3n\" width=\"800\" height=\"450\" src=\"https:\/\/www.youtube.com\/embed\/n-OUkWjiTfA?start=1&#038;feature=oembed\" frameborder=\"0\" allow=\"accelerometer; autoplay; clipboard-write; encrypted-media; gyroscope; picture-in-picture; web-share\" referrerpolicy=\"strict-origin-when-cross-origin\" allowfullscreen><\/iframe>\n<\/div><\/figure>\n","protected":false},"excerpt":{"rendered":"<p>CESFAM de Quintero se encuentra con sus puertas abiertas, atendiendo a m\u00e1s de 20 mil usuarios en la comuna. Compartimos esta importante informaci\u00f3n para conocer acerca del funcionamiento y servicios con que contar\u00e1 el Centro de Salud Familiar Quintero. Nueva Distribuci\u00f3n del Sistema de Atenci\u00f3n Primaria de SaludCon la apertura del Nuevo CESFAM de Quintero [&hellip;]<\/p>\n","protected":false},"author":12,"featured_media":39348,"parent":0,"menu_order":0,"comment_status":"closed","ping_status":"closed","template":"","meta":{"footnotes":""},"class_list":["post-39347","page","type-page","status-publish","has-post-thumbnail","hentry"],"_links":{"self":[{"href":"https:\/\/www.muniquintero.cl\/index.php\/wp-json\/wp\/v2\/pages\/39347","targetHints":{"allow":["GET"]}}],"collection":[{"href":"https:\/\/www.muniquintero.cl\/index.php\/wp-json\/wp\/v2\/pages"}],"about":[{"href":"https:\/\/www.muniquintero.cl\/index.php\/wp-json\/wp\/v2\/types\/page"}],"author":[{"embeddable":true,"href":"https:\/\/www.muniquintero.cl\/index.php\/wp-json\/wp\/v2\/users\/12"}],"replies":[{"embeddable":true,"href":"https:\/\/www.muniquintero.cl\/index.php\/wp-json\/wp\/v2\/comments?post=39347"}],"version-history":[{"count":4,"href":"https:\/\/www.muniquintero.cl\/index.php\/wp-json\/wp\/v2\/pages\/39347\/revisions"}],"predecessor-version":[{"id":39822,"href":"https:\/\/www.muniquintero.cl\/index.php\/wp-json\/wp\/v2\/pages\/39347\/revisions\/39822"}],"wp:featuredmedia":[{"embeddable":true,"href":"https:\/\/www.muniquintero.cl\/index.php\/wp-json\/wp\/v2\/media\/39348"}],"wp:attachment":[{"href":"https:\/\/www.muniquintero.cl\/index.php\/wp-json\/wp\/v2\/media?parent=39347"}],"curies":[{"name":"wp","href":"https:\/\/api.w.org\/{rel}","templated":true}]}}