{"id":37857,"date":"2024-03-13T11:16:02","date_gmt":"2024-03-13T14:16:02","guid":{"rendered":"https:\/\/www.muniquintero.cl\/?page_id=37857"},"modified":"2024-03-13T13:11:17","modified_gmt":"2024-03-13T16:11:17","slug":"alumbrado-publico","status":"publish","type":"page","link":"https:\/\/www.muniquintero.cl\/index.php\/alumbrado-publico\/","title":{"rendered":"ALUMBRADO P\u00daBLICO"},"content":{"rendered":"\n<figure class=\"wp-block-image size-large\"><img fetchpriority=\"high\" decoding=\"async\" width=\"1024\" height=\"336\" src=\"https:\/\/www.muniquintero.cl\/wp-content\/uploads\/2024\/03\/banner-luz-1024x336.png\" alt=\"\" class=\"wp-image-37867\" srcset=\"https:\/\/www.muniquintero.cl\/wp-content\/uploads\/2024\/03\/banner-luz-1024x336.png 1024w, https:\/\/www.muniquintero.cl\/wp-content\/uploads\/2024\/03\/banner-luz-300x98.png 300w, https:\/\/www.muniquintero.cl\/wp-content\/uploads\/2024\/03\/banner-luz-768x252.png 768w, https:\/\/www.muniquintero.cl\/wp-content\/uploads\/2024\/03\/banner-luz.png 1280w\" sizes=\"(max-width: 1024px) 100vw, 1024px\" \/><\/figure>\n\n\n\n<p>Estimados vecinos:<\/p>\n\n\n\n<p>Con el fin de velar permanentemente por mejorar los servicios que entregamos a la comunidad, se informa sobre el contrato de \u00ab<strong>mantenci\u00f3n del alumbrado p\u00fablico<\/strong>\u00ab, con la empresa \u201c<strong>Luis Estay Valenzuela y Compa\u00f1\u00eda Limitada\u201d (Elecing)<\/strong>. El objeto es que nuestro alumbrado p\u00fablico, constituido por de Siete mil Doscientas luminarias, funcione correctamente y nos ayude a mejorar la vida y la seguridad de nuestros vecinos.<\/p>\n\n\n\n<p>La Empresa contratista y el Municipio tendr\u00e1n fiscalizaci\u00f3n constante, velando por el correcto funcionamiento de cada una de las luminarias, no obstante, los vecinos podr\u00e1n avisar el funcionamiento defectuoso del alumbrado p\u00fablico, a los tel\u00e9fonos: <strong>332213415, o al 232762231<\/strong>.&nbsp;<\/p>\n\n\n\n<p>El municipio es responsable del mantenimiento de las luminarias de la comuna, en caso de fallas en el suministro el\u00e9ctrico domiciliario, los vecinos deben comunicarse directamente con la empresa Chilquinta Distribuci\u00f3n S.A. a los numero de emergencia<strong> 600-600-5000; 800-800-500 o al 322265300<\/strong>.<\/p>\n\n\n\n<figure class=\"wp-block-image size-large\"><img decoding=\"async\" width=\"1024\" height=\"1024\" src=\"https:\/\/www.muniquintero.cl\/wp-content\/uploads\/2024\/03\/alumbrado-1024x1024.jpg\" alt=\"\" class=\"wp-image-37889\" srcset=\"https:\/\/www.muniquintero.cl\/wp-content\/uploads\/2024\/03\/alumbrado-1024x1024.jpg 1024w, https:\/\/www.muniquintero.cl\/wp-content\/uploads\/2024\/03\/alumbrado-300x300.jpg 300w, https:\/\/www.muniquintero.cl\/wp-content\/uploads\/2024\/03\/alumbrado-150x150.jpg 150w, https:\/\/www.muniquintero.cl\/wp-content\/uploads\/2024\/03\/alumbrado-768x768.jpg 768w, https:\/\/www.muniquintero.cl\/wp-content\/uploads\/2024\/03\/alumbrado-1536x1536.jpg 1536w, https:\/\/www.muniquintero.cl\/wp-content\/uploads\/2024\/03\/alumbrado.jpg 1600w\" sizes=\"(max-width: 1024px) 100vw, 1024px\" \/><\/figure>\n","protected":false},"excerpt":{"rendered":"<p>Estimados vecinos: Con el fin de velar permanentemente por mejorar los servicios que entregamos a la comunidad, se informa sobre el contrato de \u00abmantenci\u00f3n del alumbrado p\u00fablico\u00ab, con la empresa \u201cLuis Estay Valenzuela y Compa\u00f1\u00eda Limitada\u201d (Elecing). El objeto es que nuestro alumbrado p\u00fablico, constituido por de Siete mil Doscientas luminarias, funcione correctamente y nos [&hellip;]<\/p>\n","protected":false},"author":12,"featured_media":0,"parent":0,"menu_order":0,"comment_status":"closed","ping_status":"closed","template":"","meta":{"footnotes":""},"class_list":["post-37857","page","type-page","status-publish","hentry"],"_links":{"self":[{"href":"https:\/\/www.muniquintero.cl\/index.php\/wp-json\/wp\/v2\/pages\/37857","targetHints":{"allow":["GET"]}}],"collection":[{"href":"https:\/\/www.muniquintero.cl\/index.php\/wp-json\/wp\/v2\/pages"}],"about":[{"href":"https:\/\/www.muniquintero.cl\/index.php\/wp-json\/wp\/v2\/types\/page"}],"author":[{"embeddable":true,"href":"https:\/\/www.muniquintero.cl\/index.php\/wp-json\/wp\/v2\/users\/12"}],"replies":[{"embeddable":true,"href":"https:\/\/www.muniquintero.cl\/index.php\/wp-json\/wp\/v2\/comments?post=37857"}],"version-history":[{"count":5,"href":"https:\/\/www.muniquintero.cl\/index.php\/wp-json\/wp\/v2\/pages\/37857\/revisions"}],"predecessor-version":[{"id":37890,"href":"https:\/\/www.muniquintero.cl\/index.php\/wp-json\/wp\/v2\/pages\/37857\/revisions\/37890"}],"wp:attachment":[{"href":"https:\/\/www.muniquintero.cl\/index.php\/wp-json\/wp\/v2\/media?parent=37857"}],"curies":[{"name":"wp","href":"https:\/\/api.w.org\/{rel}","templated":true}]}}