{"id":36907,"date":"2023-12-27T15:24:27","date_gmt":"2023-12-27T18:24:27","guid":{"rendered":"https:\/\/www.muniquintero.cl\/?page_id=36907"},"modified":"2023-12-27T15:24:29","modified_gmt":"2023-12-27T18:24:29","slug":"programa-tenencia-responsable-de-mascotas","status":"publish","type":"page","link":"https:\/\/www.muniquintero.cl\/index.php\/programa-tenencia-responsable-de-mascotas\/","title":{"rendered":"Programa Tenencia Responsable De Mascotas"},"content":{"rendered":"\n<figure class=\"wp-block-image size-large\"><img fetchpriority=\"high\" decoding=\"async\" width=\"1024\" height=\"336\" src=\"https:\/\/www.muniquintero.cl\/wp-content\/uploads\/2023\/12\/BANNER-MASCOTAS-1024x336.jpg\" alt=\"\" class=\"wp-image-36908\" srcset=\"https:\/\/www.muniquintero.cl\/wp-content\/uploads\/2023\/12\/BANNER-MASCOTAS-1024x336.jpg 1024w, https:\/\/www.muniquintero.cl\/wp-content\/uploads\/2023\/12\/BANNER-MASCOTAS-300x98.jpg 300w, https:\/\/www.muniquintero.cl\/wp-content\/uploads\/2023\/12\/BANNER-MASCOTAS-768x252.jpg 768w, https:\/\/www.muniquintero.cl\/wp-content\/uploads\/2023\/12\/BANNER-MASCOTAS.jpg 1280w\" sizes=\"(max-width: 1024px) 100vw, 1024px\" \/><\/figure>\n\n\n\n<p>Implantaci\u00f3n de Microchip de Identificaci\u00f3n a Mi Mascota<\/p>\n\n\n\n<p>El Departamento de medio Ambiente cuenta con un Programa de Tenencia Responsable de Mascotas con el que pueden realizar la implantaci\u00f3n de microchip para sus animales de compa\u00f1\u00eda, dando cumplimiento a la Ley 21.020 o tambi\u00e9n conocida como \u201cLey Cholito\u201d. En esta c\u00e1psula compartimos informaci\u00f3n importante para el buen trato hacia nuestras mascotas y los cuidados que hay que tener con ellas, as\u00ed como los deberes tambi\u00e9n que las personas adquieren al registrar su canino.<\/p>\n\n\n\n<figure class=\"wp-block-embed is-type-video is-provider-youtube wp-block-embed-youtube wp-embed-aspect-16-9 wp-has-aspect-ratio\"><div class=\"wp-block-embed__wrapper\">\n<iframe title=\"Ley De Tenencia Responsable De Mascotas\" width=\"800\" height=\"450\" src=\"https:\/\/www.youtube.com\/embed\/cge6D5hvQes?feature=oembed\" frameborder=\"0\" allow=\"accelerometer; autoplay; clipboard-write; encrypted-media; gyroscope; picture-in-picture; web-share\" allowfullscreen><\/iframe>\n<\/div><\/figure>\n\n\n\n<p>Esterilizaci\u00f3n en Animales de Compa\u00f1\u00eda<\/p>\n\n\n\n<p>El Departamento de Medio Ambiente cuenta con un Programa de Tenencia Responsable de Mascotas con el que pueden coordinar la esterilizaci\u00f3n de sus animales de compa\u00f1\u00eda para mantener el control de la poblaci\u00f3n canina y felina en la comuna. En esta c\u00e1psula compartimos informaci\u00f3n importante para realizar de buena manera esta operaci\u00f3n y tener los cuidados necesarios en el post operatorio.<\/p>\n\n\n\n<figure class=\"wp-block-embed is-type-video is-provider-youtube wp-block-embed-youtube wp-embed-aspect-16-9 wp-has-aspect-ratio\"><div class=\"wp-block-embed__wrapper\">\n<iframe title=\"Programa Tenencia Responsable De Mascotas - Esterilizaci\u00f3n\" width=\"800\" height=\"450\" src=\"https:\/\/www.youtube.com\/embed\/uQuzv55ylBw?feature=oembed\" frameborder=\"0\" allow=\"accelerometer; autoplay; clipboard-write; encrypted-media; gyroscope; picture-in-picture; web-share\" allowfullscreen><\/iframe>\n<\/div><\/figure>\n","protected":false},"excerpt":{"rendered":"<p>Implantaci\u00f3n de Microchip de Identificaci\u00f3n a Mi Mascota El Departamento de medio Ambiente cuenta con un Programa de Tenencia Responsable de Mascotas con el que pueden realizar la implantaci\u00f3n de microchip para sus animales de compa\u00f1\u00eda, dando cumplimiento a la Ley 21.020 o tambi\u00e9n conocida como \u201cLey Cholito\u201d. En esta c\u00e1psula compartimos informaci\u00f3n importante para [&hellip;]<\/p>\n","protected":false},"author":12,"featured_media":36908,"parent":0,"menu_order":0,"comment_status":"closed","ping_status":"closed","template":"","meta":{"footnotes":""},"class_list":["post-36907","page","type-page","status-publish","has-post-thumbnail","hentry"],"_links":{"self":[{"href":"https:\/\/www.muniquintero.cl\/index.php\/wp-json\/wp\/v2\/pages\/36907","targetHints":{"allow":["GET"]}}],"collection":[{"href":"https:\/\/www.muniquintero.cl\/index.php\/wp-json\/wp\/v2\/pages"}],"about":[{"href":"https:\/\/www.muniquintero.cl\/index.php\/wp-json\/wp\/v2\/types\/page"}],"author":[{"embeddable":true,"href":"https:\/\/www.muniquintero.cl\/index.php\/wp-json\/wp\/v2\/users\/12"}],"replies":[{"embeddable":true,"href":"https:\/\/www.muniquintero.cl\/index.php\/wp-json\/wp\/v2\/comments?post=36907"}],"version-history":[{"count":1,"href":"https:\/\/www.muniquintero.cl\/index.php\/wp-json\/wp\/v2\/pages\/36907\/revisions"}],"predecessor-version":[{"id":36909,"href":"https:\/\/www.muniquintero.cl\/index.php\/wp-json\/wp\/v2\/pages\/36907\/revisions\/36909"}],"wp:featuredmedia":[{"embeddable":true,"href":"https:\/\/www.muniquintero.cl\/index.php\/wp-json\/wp\/v2\/media\/36908"}],"wp:attachment":[{"href":"https:\/\/www.muniquintero.cl\/index.php\/wp-json\/wp\/v2\/media?parent=36907"}],"curies":[{"name":"wp","href":"https:\/\/api.w.org\/{rel}","templated":true}]}}