{"id":36786,"date":"2023-12-12T15:48:59","date_gmt":"2023-12-12T18:48:59","guid":{"rendered":"https:\/\/www.muniquintero.cl\/?page_id=36786"},"modified":"2024-07-03T15:46:10","modified_gmt":"2024-07-03T19:46:10","slug":"museo-vive-quintero-interactivo","status":"publish","type":"page","link":"https:\/\/www.muniquintero.cl\/index.php\/museo-vive-quintero-interactivo\/","title":{"rendered":"Museo Vive Quintero Interactivo"},"content":{"rendered":"\n<figure><img decoding=\"async\" src=\"https:\/\/www.muniquintero.cl\/wp-content\/uploads\/2023\/12\/Logo-Museo-1024x357.jpg\" alt=\"\"\/><\/figure>\n\n\n\n<figure class=\"wp-block-image size-full\"><a href=\"https:\/\/www.muniquintero.cl\/wp-content\/uploads\/2024\/07\/Mapa-Turistico.jpg\"><img fetchpriority=\"high\" decoding=\"async\" width=\"800\" height=\"400\" src=\"https:\/\/www.muniquintero.cl\/wp-content\/uploads\/2024\/07\/mapa-museo-1.jpg\" alt=\"\" class=\"wp-image-39024\" srcset=\"https:\/\/www.muniquintero.cl\/wp-content\/uploads\/2024\/07\/mapa-museo-1.jpg 800w, https:\/\/www.muniquintero.cl\/wp-content\/uploads\/2024\/07\/mapa-museo-1-300x150.jpg 300w, https:\/\/www.muniquintero.cl\/wp-content\/uploads\/2024\/07\/mapa-museo-1-768x384.jpg 768w\" sizes=\"(max-width: 800px) 100vw, 800px\" \/><\/a><\/figure>\n\n\n\n<p>Aqu\u00ed podr\u00e1s escuchar la naturaleza que existe en Quintero y conocer parte de las aves que habitan nuestro Humedal de Mantagua.<\/p>\n\n\n\n<figure class=\"wp-block-image size-full\"><img decoding=\"async\" width=\"650\" height=\"431\" src=\"https:\/\/www.muniquintero.cl\/wp-content\/uploads\/2023\/12\/7colores.jpg\" alt=\"\" class=\"wp-image-36788\" srcset=\"https:\/\/www.muniquintero.cl\/wp-content\/uploads\/2023\/12\/7colores.jpg 650w, https:\/\/www.muniquintero.cl\/wp-content\/uploads\/2023\/12\/7colores-300x199.jpg 300w\" sizes=\"(max-width: 650px) 100vw, 650px\" \/><\/figure>\n\n\n\n<p>Sietecolores<\/p>\n\n\n\n<figure><audio controls src=\"https:\/\/www.muniquintero.cl\/wp-content\/uploads\/2023\/12\/sietecolores.mp3\"><\/audio><\/figure>\n\n\n\n<figure><img decoding=\"async\" src=\"https:\/\/www.muniquintero.cl\/wp-content\/uploads\/2023\/12\/perrito-1024x768.jpg\" alt=\"\"\/><\/figure>\n\n\n\n<p>Perrito<\/p>\n\n\n\n<figure><audio controls src=\"https:\/\/www.muniquintero.cl\/wp-content\/uploads\/2023\/12\/perrito.mp3\"><\/audio><\/figure>\n\n\n\n<figure><img decoding=\"async\" src=\"https:\/\/www.muniquintero.cl\/wp-content\/uploads\/2023\/12\/tucuquere-1024x768.jpg\" alt=\"\"\/><\/figure>\n\n\n\n<p>Tuc\u00faquere<\/p>\n\n\n\n<figure><audio controls src=\"https:\/\/www.muniquintero.cl\/wp-content\/uploads\/2023\/12\/tucuquere.mp3\"><\/audio><\/figure>\n\n\n\n<figure><img decoding=\"async\" src=\"https:\/\/www.muniquintero.cl\/wp-content\/uploads\/2023\/12\/tordo.jpg\" alt=\"\"\/><\/figure>\n\n\n\n<p>Tordo<\/p>\n\n\n\n<figure><audio controls src=\"https:\/\/www.muniquintero.cl\/wp-content\/uploads\/2023\/12\/tordo-bueno.mp3\"><\/audio><\/figure>\n\n\n\n<figure><img decoding=\"async\" src=\"https:\/\/www.muniquintero.cl\/wp-content\/uploads\/2023\/12\/tiuque-1024x1024.jpg\" alt=\"\"\/><\/figure>\n\n\n\n<p>Tiuque<\/p>\n\n\n\n<figure><audio controls src=\"https:\/\/www.muniquintero.cl\/wp-content\/uploads\/2023\/12\/tiuque.mp3\"><\/audio><\/figure>\n\n\n\n<figure><img decoding=\"async\" src=\"https:\/\/www.muniquintero.cl\/wp-content\/uploads\/2023\/12\/cernicalo-1024x768.jpg\" alt=\"\"\/><\/figure>\n\n\n\n<p>Cern\u00edcalo<\/p>\n\n\n\n<figure><audio controls src=\"https:\/\/www.muniquintero.cl\/wp-content\/uploads\/2023\/12\/cernicalo.mp3\"><\/audio><\/figure>\n\n\n\n<figure><img decoding=\"async\" src=\"https:\/\/www.muniquintero.cl\/wp-content\/uploads\/2023\/12\/yeko.jpg\" alt=\"\"\/><\/figure>\n\n\n\n<p>Yeco\/Cormor\u00e1n<\/p>\n\n\n\n<figure><audio controls src=\"https:\/\/www.muniquintero.cl\/wp-content\/uploads\/2023\/12\/yeko.mp3\"><\/audio><\/figure>\n\n\n\n<figure><img decoding=\"async\" src=\"https:\/\/www.muniquintero.cl\/wp-content\/uploads\/2023\/12\/tambor-ceramica.jpg\" alt=\"\"\/><\/figure>\n\n\n\n<p>(foto referencial)<\/p>\n\n\n\n<p>El tambor de cer\u00e1mica fue parte de la Cultura Bato\/Aconcagua y es un hist\u00f3rico testimonio de la m\u00fasica prehisp\u00e1nica.<\/p>\n\n\n\n<figure><audio controls src=\"https:\/\/www.muniquintero.cl\/wp-content\/uploads\/2023\/12\/tambor-ceremica.mp3\"><\/audio><\/figure>\n\n\n","protected":false},"excerpt":{"rendered":"<p>Aqu\u00ed podr\u00e1s escuchar la naturaleza que existe en Quintero y conocer parte de las aves que habitan nuestro Humedal de Mantagua. Sietecolores Perrito Tuc\u00faquere Tordo Tiuque Cern\u00edcalo Yeco\/Cormor\u00e1n (foto referencial) El tambor de cer\u00e1mica fue parte de la Cultura Bato\/Aconcagua y es un hist\u00f3rico testimonio de la m\u00fasica prehisp\u00e1nica.<\/p>\n","protected":false},"author":12,"featured_media":36787,"parent":0,"menu_order":0,"comment_status":"closed","ping_status":"closed","template":"","meta":{"footnotes":""},"class_list":["post-36786","page","type-page","status-publish","has-post-thumbnail","hentry"],"_links":{"self":[{"href":"https:\/\/www.muniquintero.cl\/index.php\/wp-json\/wp\/v2\/pages\/36786","targetHints":{"allow":["GET"]}}],"collection":[{"href":"https:\/\/www.muniquintero.cl\/index.php\/wp-json\/wp\/v2\/pages"}],"about":[{"href":"https:\/\/www.muniquintero.cl\/index.php\/wp-json\/wp\/v2\/types\/page"}],"author":[{"embeddable":true,"href":"https:\/\/www.muniquintero.cl\/index.php\/wp-json\/wp\/v2\/users\/12"}],"replies":[{"embeddable":true,"href":"https:\/\/www.muniquintero.cl\/index.php\/wp-json\/wp\/v2\/comments?post=36786"}],"version-history":[{"count":11,"href":"https:\/\/www.muniquintero.cl\/index.php\/wp-json\/wp\/v2\/pages\/36786\/revisions"}],"predecessor-version":[{"id":39033,"href":"https:\/\/www.muniquintero.cl\/index.php\/wp-json\/wp\/v2\/pages\/36786\/revisions\/39033"}],"wp:featuredmedia":[{"embeddable":true,"href":"https:\/\/www.muniquintero.cl\/index.php\/wp-json\/wp\/v2\/media\/36787"}],"wp:attachment":[{"href":"https:\/\/www.muniquintero.cl\/index.php\/wp-json\/wp\/v2\/media?parent=36786"}],"curies":[{"name":"wp","href":"https:\/\/api.w.org\/{rel}","templated":true}]}}