{"id":36744,"date":"2023-12-04T17:28:42","date_gmt":"2023-12-04T20:28:42","guid":{"rendered":"https:\/\/www.muniquintero.cl\/?page_id=36744"},"modified":"2024-02-29T11:17:51","modified_gmt":"2024-02-29T14:17:51","slug":"calendario-municipal-2024","status":"publish","type":"page","link":"https:\/\/www.muniquintero.cl\/index.php\/calendario-municipal-2024\/","title":{"rendered":"Calendario Municipal 2024"},"content":{"rendered":"\n<figure class=\"wp-block-image size-large\"><img fetchpriority=\"high\" decoding=\"async\" width=\"1024\" height=\"406\" src=\"https:\/\/www.muniquintero.cl\/wp-content\/uploads\/2023\/12\/BANNER-web-calendario-1024x406.jpg\" alt=\"\" class=\"wp-image-36745\" srcset=\"https:\/\/www.muniquintero.cl\/wp-content\/uploads\/2023\/12\/BANNER-web-calendario-1024x406.jpg 1024w, https:\/\/www.muniquintero.cl\/wp-content\/uploads\/2023\/12\/BANNER-web-calendario-300x119.jpg 300w, https:\/\/www.muniquintero.cl\/wp-content\/uploads\/2023\/12\/BANNER-web-calendario-768x304.jpg 768w, https:\/\/www.muniquintero.cl\/wp-content\/uploads\/2023\/12\/BANNER-web-calendario-1536x609.jpg 1536w, https:\/\/www.muniquintero.cl\/wp-content\/uploads\/2023\/12\/BANNER-web-calendario-2048x812.jpg 2048w\" sizes=\"(max-width: 1024px) 100vw, 1024px\" \/><\/figure>\n\n\n\n<p>El Calendario Municipal 2024 tiene como objetivo resaltar aspectos tur\u00edsticos e hist\u00f3ricos de Quintero.<\/p>\n\n\n\n<p>Para complementar el calendario f\u00edsico que cuenta con informaci\u00f3n detallada, cada mes tambi\u00e9n cuenta con un reportaje especial dedicado a trav\u00e9s del C\u00f3digo QR dispuesto en sus p\u00e1ginas.<\/p>\n\n\n\n<p>La mayor parte de estos lugares e historias, los encontramos en el libro de Historias y Leyendas de Quintero (2016) de Cruz Carvajal Tapia y con el cual damos inicio a esta resignificaci\u00f3n por cada mes, en nuestra comuna.<\/p>\n\n\n\n<p>Enero:<\/p>\n\n\n\n<p>Libro Historias y Leyendas de Quintero<\/p>\n\n\n\n<div data-wp-interactive=\"core\/file\" class=\"wp-block-file\"><object data-wp-bind--hidden=\"!state.hasPdfPreview\" hidden class=\"wp-block-file__embed\" data=\"https:\/\/www.muniquintero.cl\/wp-content\/uploads\/2023\/12\/HISTORIAS-Y-LEYENDAS-DE-QUINTERO.-EDICION-ESCOLAR.pdf\" type=\"application\/pdf\" style=\"width:100%;height:600px\" aria-label=\"Incrustado de HISTORIAS Y LEYENDAS DE QUINTERO. EDICI\u00d3N ESCOLAR..\"><\/object><a id=\"wp-block-file--media-60ae569b-f41f-4d53-aa4e-7c1e2ab601e6\" href=\"https:\/\/www.muniquintero.cl\/wp-content\/uploads\/2023\/12\/HISTORIAS-Y-LEYENDAS-DE-QUINTERO.-EDICION-ESCOLAR.pdf\">HISTORIAS Y LEYENDAS DE QUINTERO. EDICI\u00d3N ESCOLAR.<\/a><a href=\"https:\/\/www.muniquintero.cl\/wp-content\/uploads\/2023\/12\/HISTORIAS-Y-LEYENDAS-DE-QUINTERO.-EDICION-ESCOLAR.pdf\" class=\"wp-block-file__button wp-element-button\" download aria-describedby=\"wp-block-file--media-60ae569b-f41f-4d53-aa4e-7c1e2ab601e6\">Descarga<\/a><\/div>\n\n\n\n<p>Febrero:<\/p>\n\n\n\n<p>Primera parte del video Infancia de Don Orione, del Padre Pedro Ferrini y el Colegio Don Orione de Quintero.<\/p>\n\n\n\n<figure class=\"wp-block-embed is-type-video is-provider-youtube wp-block-embed-youtube wp-embed-aspect-16-9 wp-has-aspect-ratio\"><div class=\"wp-block-embed__wrapper\">\n<iframe title=\"Infancia de Don Orione - Padre Pedro Ferrini Vicini FPD - PARTE 1\" width=\"800\" height=\"450\" src=\"https:\/\/www.youtube.com\/embed\/bPWEIqYi7DY?feature=oembed\" frameborder=\"0\" allow=\"accelerometer; autoplay; clipboard-write; encrypted-media; gyroscope; picture-in-picture; web-share\" allowfullscreen><\/iframe>\n<\/div><\/figure>\n\n\n\n<p>Marzo:<\/p>\n\n\n\n<p>Video conociendo Las Petras<\/p>\n\n\n\n<figure class=\"wp-block-embed is-type-video is-provider-youtube wp-block-embed-youtube wp-embed-aspect-16-9 wp-has-aspect-ratio\"><div class=\"wp-block-embed__wrapper\">\n<iframe title=\"Santuario de la Naturaleza \u201cBosque Las Petras\u201d\" width=\"800\" height=\"450\" src=\"https:\/\/www.youtube.com\/embed\/hPGPCw6hk4A?feature=oembed\" frameborder=\"0\" allow=\"accelerometer; autoplay; clipboard-write; encrypted-media; gyroscope; picture-in-picture; web-share\" allowfullscreen><\/iframe>\n<\/div><\/figure>\n\n\n\n<p>Abril:<\/p>\n\n\n\n<p>Luisa Sebir\u00e9:<\/p>\n\n\n\n<p>Video 5\u00b0 Aniversario Parque Municipal<\/p>\n\n\n\n<figure class=\"wp-block-embed is-type-video is-provider-youtube wp-block-embed-youtube wp-embed-aspect-16-9 wp-has-aspect-ratio\"><div class=\"wp-block-embed__wrapper\">\n<iframe title=\"5\u00b0 Aniversario Parque Municipal\" width=\"800\" height=\"450\" src=\"https:\/\/www.youtube.com\/embed\/g7luYxp078E?feature=oembed\" frameborder=\"0\" allow=\"accelerometer; autoplay; clipboard-write; encrypted-media; gyroscope; picture-in-picture; web-share\" allowfullscreen><\/iframe>\n<\/div><\/figure>\n\n\n\n<p>Mayo:<\/p>\n\n\n\n<p>Video humedales Quintero<\/p>\n\n\n\n<figure class=\"wp-block-embed is-type-video is-provider-youtube wp-block-embed-youtube wp-embed-aspect-16-9 wp-has-aspect-ratio\"><div class=\"wp-block-embed__wrapper\">\n<iframe title=\"Humedales de Quintero\" width=\"800\" height=\"450\" src=\"https:\/\/www.youtube.com\/embed\/zk5suWV2lFM?feature=oembed\" frameborder=\"0\" allow=\"accelerometer; autoplay; clipboard-write; encrypted-media; gyroscope; picture-in-picture; web-share\" allowfullscreen><\/iframe>\n<\/div><\/figure>\n\n\n\n<p>Junio:<\/p>\n\n\n\n<p>Fiesta de San Pedro<\/p>\n\n\n\n<figure class=\"wp-block-embed is-type-video is-provider-youtube wp-block-embed-youtube wp-embed-aspect-16-9 wp-has-aspect-ratio\"><div class=\"wp-block-embed__wrapper\">\n<iframe title=\"Fiesta San Pedro, Loncura 2023\" width=\"800\" height=\"450\" src=\"https:\/\/www.youtube.com\/embed\/gnc1NWTe2i0?feature=oembed\" frameborder=\"0\" allow=\"accelerometer; autoplay; clipboard-write; encrypted-media; gyroscope; picture-in-picture; web-share\" allowfullscreen><\/iframe>\n<\/div><\/figure>\n\n\n\n<p>Julio:<\/p>\n\n\n\n<p>Cueva del Pirata<\/p>\n\n\n\n<figure class=\"wp-block-embed is-type-video is-provider-youtube wp-block-embed-youtube wp-embed-aspect-16-9 wp-has-aspect-ratio\"><div class=\"wp-block-embed__wrapper\">\n<iframe title=\"Video Cueva del Pirata\" width=\"800\" height=\"450\" src=\"https:\/\/www.youtube.com\/embed\/kRmArKzKjeA?feature=oembed\" frameborder=\"0\" allow=\"accelerometer; autoplay; clipboard-write; encrypted-media; gyroscope; picture-in-picture; web-share\" allowfullscreen><\/iframe>\n<\/div><\/figure>\n\n\n\n<p>Agosto:<\/p>\n\n\n\n<p>Alonso de Quintero<\/p>\n\n\n\n<p>Video Alonso Quintero y encuentro con Cultura Bato<\/p>\n\n\n\n<figure class=\"wp-block-embed is-type-video is-provider-youtube wp-block-embed-youtube wp-embed-aspect-16-9 wp-has-aspect-ratio\"><div class=\"wp-block-embed__wrapper\">\n<iframe title=\"Recreaci\u00f3n Llegada Alonso Quintero a la Bah\u00eda\" width=\"800\" height=\"450\" src=\"https:\/\/www.youtube.com\/embed\/c0cs-6zdTeE?feature=oembed\" frameborder=\"0\" allow=\"accelerometer; autoplay; clipboard-write; encrypted-media; gyroscope; picture-in-picture; web-share\" allowfullscreen><\/iframe>\n<\/div><\/figure>\n\n\n\n\n\n<p>Septiembre:<\/p>\n\n\n\n<p>Lidia Irachet<\/p>\n\n\n\n<p>Aniversario Biblioteca Municipal<\/p>\n\n\n\n<figure class=\"wp-block-embed is-type-video is-provider-youtube wp-block-embed-youtube wp-embed-aspect-16-9 wp-has-aspect-ratio\"><div class=\"wp-block-embed__wrapper\">\n<iframe title=\"38\u00b0 Aniversario Biblioteca P\u00fablica Municipal\" width=\"800\" height=\"450\" src=\"https:\/\/www.youtube.com\/embed\/_IrJvraJ2gk?feature=oembed\" frameborder=\"0\" allow=\"accelerometer; autoplay; clipboard-write; encrypted-media; gyroscope; picture-in-picture; web-share\" allowfullscreen><\/iframe>\n<\/div><\/figure>\n\n\n\n<p>Octubre:<\/p>\n\n\n\n<p>Puntilla Sanfuentes<\/p>\n\n\n\n<p>Plan Recuperacion Puntilla Sanfuentes<\/p>\n\n\n\n<figure class=\"wp-block-embed is-type-video is-provider-youtube wp-block-embed-youtube wp-embed-aspect-16-9 wp-has-aspect-ratio\"><div class=\"wp-block-embed__wrapper\">\n<iframe title=\"Recuperaci\u00f3n Puntilla Sanfuentes\" width=\"800\" height=\"450\" src=\"https:\/\/www.youtube.com\/embed\/3bZrSCe5Fr8?feature=oembed\" frameborder=\"0\" allow=\"accelerometer; autoplay; clipboard-write; encrypted-media; gyroscope; picture-in-picture; web-share\" allowfullscreen><\/iframe>\n<\/div><\/figure>\n\n\n\n<p>Noviembre:<\/p>\n\n\n\n<p>Recreaci\u00f3n firma decreto Quintero como Puerto Mayor<\/p>\n\n\n\n<figure class=\"wp-block-embed is-type-video is-provider-youtube wp-block-embed-youtube wp-embed-aspect-16-9 wp-has-aspect-ratio\"><div class=\"wp-block-embed__wrapper\">\n<iframe title=\"Recreaci\u00f3n Aniversario de Quintero\" width=\"800\" height=\"450\" src=\"https:\/\/www.youtube.com\/embed\/HWXu76FCt6A?feature=oembed\" frameborder=\"0\" allow=\"accelerometer; autoplay; clipboard-write; encrypted-media; gyroscope; picture-in-picture; web-share\" allowfullscreen><\/iframe>\n<\/div><\/figure>\n\n\n\n<div data-wp-interactive=\"core\/file\" class=\"wp-block-file\"><object data-wp-bind--hidden=\"!state.hasPdfPreview\" hidden class=\"wp-block-file__embed\" data=\"https:\/\/www.muniquintero.cl\/wp-content\/uploads\/2023\/12\/COUCHEREVISTA-BAHIACOUCHE-157FINAL.pdf\" type=\"application\/pdf\" style=\"width:100%;height:600px\" aria-label=\"Incrustado de COUCHEREVISTA BAHIACOUCHE 157FINAL.\"><\/object><a id=\"wp-block-file--media-bb6f7d5d-676f-45e7-8d7b-41251d9436d2\" href=\"https:\/\/www.muniquintero.cl\/wp-content\/uploads\/2023\/12\/COUCHEREVISTA-BAHIACOUCHE-157FINAL.pdf\">COUCHEREVISTA BAHIACOUCHE 157FINAL<\/a><a href=\"https:\/\/www.muniquintero.cl\/wp-content\/uploads\/2023\/12\/COUCHEREVISTA-BAHIACOUCHE-157FINAL.pdf\" class=\"wp-block-file__button wp-element-button\" download aria-describedby=\"wp-block-file--media-bb6f7d5d-676f-45e7-8d7b-41251d9436d2\">Descarga<\/a><\/div>\n\n\n\n<p>Diciembre:<\/p>\n\n\n\n<p>Casa Museo Lord Cochrane<\/p>\n\n\n\n<figure class=\"wp-block-embed is-type-video is-provider-youtube wp-block-embed-youtube wp-embed-aspect-16-9 wp-has-aspect-ratio\"><div class=\"wp-block-embed__wrapper\">\n<iframe title=\"Casa Museo Lord Cochrane\" width=\"800\" height=\"450\" src=\"https:\/\/www.youtube.com\/embed\/4Vp0wg6jggk?feature=oembed\" frameborder=\"0\" allow=\"accelerometer; autoplay; clipboard-write; encrypted-media; gyroscope; picture-in-picture; web-share\" allowfullscreen><\/iframe>\n<\/div><\/figure>\n\n\n\n<div data-wp-interactive=\"core\/file\" class=\"wp-block-file\"><object data-wp-bind--hidden=\"!state.hasPdfPreview\" hidden class=\"wp-block-file__embed\" data=\"https:\/\/www.muniquintero.cl\/wp-content\/uploads\/2024\/02\/LIBRO-HISTORIA-DE-QUINTERO-texto-final-IMPRENTA.pdf\" type=\"application\/pdf\" style=\"width:100%;height:600px\" aria-label=\"Incrustado de LIBRO-HISTORIA-DE-QUINTERO-texto-final-IMPRENTA.\"><\/object><a id=\"wp-block-file--media-a2194e8a-ca68-42ea-9ee4-1dc4aa90e364\" href=\"https:\/\/www.muniquintero.cl\/wp-content\/uploads\/2024\/02\/LIBRO-HISTORIA-DE-QUINTERO-texto-final-IMPRENTA.pdf\">LIBRO-HISTORIA-DE-QUINTERO-texto-final-IMPRENTA<\/a><a href=\"https:\/\/www.muniquintero.cl\/wp-content\/uploads\/2024\/02\/LIBRO-HISTORIA-DE-QUINTERO-texto-final-IMPRENTA.pdf\" class=\"wp-block-file__button wp-element-button\" download aria-describedby=\"wp-block-file--media-a2194e8a-ca68-42ea-9ee4-1dc4aa90e364\">Descarga<\/a><\/div>\n","protected":false},"excerpt":{"rendered":"<p>El Calendario Municipal 2024 tiene como objetivo resaltar aspectos tur\u00edsticos e hist\u00f3ricos de Quintero. Para complementar el calendario f\u00edsico que cuenta con informaci\u00f3n detallada, cada mes tambi\u00e9n cuenta con un reportaje especial dedicado a trav\u00e9s del C\u00f3digo QR dispuesto en sus p\u00e1ginas. La mayor parte de estos lugares e historias, los encontramos en el libro [&hellip;]<\/p>\n","protected":false},"author":12,"featured_media":0,"parent":0,"menu_order":0,"comment_status":"closed","ping_status":"closed","template":"","meta":{"footnotes":""},"class_list":["post-36744","page","type-page","status-publish","hentry"],"_links":{"self":[{"href":"https:\/\/www.muniquintero.cl\/index.php\/wp-json\/wp\/v2\/pages\/36744","targetHints":{"allow":["GET"]}}],"collection":[{"href":"https:\/\/www.muniquintero.cl\/index.php\/wp-json\/wp\/v2\/pages"}],"about":[{"href":"https:\/\/www.muniquintero.cl\/index.php\/wp-json\/wp\/v2\/types\/page"}],"author":[{"embeddable":true,"href":"https:\/\/www.muniquintero.cl\/index.php\/wp-json\/wp\/v2\/users\/12"}],"replies":[{"embeddable":true,"href":"https:\/\/www.muniquintero.cl\/index.php\/wp-json\/wp\/v2\/comments?post=36744"}],"version-history":[{"count":4,"href":"https:\/\/www.muniquintero.cl\/index.php\/wp-json\/wp\/v2\/pages\/36744\/revisions"}],"predecessor-version":[{"id":37714,"href":"https:\/\/www.muniquintero.cl\/index.php\/wp-json\/wp\/v2\/pages\/36744\/revisions\/37714"}],"wp:attachment":[{"href":"https:\/\/www.muniquintero.cl\/index.php\/wp-json\/wp\/v2\/media?parent=36744"}],"curies":[{"name":"wp","href":"https:\/\/api.w.org\/{rel}","templated":true}]}}