{"id":30005,"date":"2022-05-31T18:05:04","date_gmt":"2022-05-31T21:05:04","guid":{"rendered":"https:\/\/www.muniquintero.cl\/?page_id=30005"},"modified":"2024-09-09T15:52:40","modified_gmt":"2024-09-09T19:52:40","slug":"elementor-30005","status":"publish","type":"page","link":"https:\/\/www.muniquintero.cl\/index.php\/elementor-30005\/","title":{"rendered":"Nuevo N\u00famero De Seguridad *4113"},"content":{"rendered":"\n<figure class=\"wp-block-embed is-type-video is-provider-youtube wp-block-embed-youtube wp-embed-aspect-16-9 wp-has-aspect-ratio\"><div class=\"wp-block-embed__wrapper\">\n<iframe title=\"Nuevo N\u00famero Seguridad Ciudadana\" width=\"800\" height=\"450\" src=\"https:\/\/www.youtube.com\/embed\/GvGcKqbKmd8?feature=oembed\" frameborder=\"0\" allow=\"accelerometer; autoplay; clipboard-write; encrypted-media; gyroscope; picture-in-picture; web-share\" referrerpolicy=\"strict-origin-when-cross-origin\" allowfullscreen><\/iframe>\n<\/div><\/figure>\n\n\n<p>Ya est\u00e1 disponible y totalmente operativo el nuevo n\u00famero de seguridad y emergencia de la Municipalidad de Quintero. El *4113 es una l\u00ednea telef\u00f3nica gratuita disponibles las 24 horas, los 7 d\u00edas de la semana, operada por nuestra Central de C\u00e1maras y Comunicaciones dependiente de la Direcci\u00f3n de Seguridad P\u00fablica, comunicado en tiempo real con nuestros m\u00f3viles de seguridad en terreno.<\/p>\n<p><a href=\"tel:*4113\">Ll\u00e1manos<\/a><\/p>\n<p>\u00a0<\/p>\n\n\n<figure class=\"wp-block-image size-large\"><img fetchpriority=\"high\" decoding=\"async\" width=\"662\" height=\"1024\" src=\"https:\/\/www.muniquintero.cl\/wp-content\/uploads\/2024\/09\/numero-662x1024.jpg\" alt=\"\" class=\"wp-image-39978\" srcset=\"https:\/\/www.muniquintero.cl\/wp-content\/uploads\/2024\/09\/numero-662x1024.jpg 662w, https:\/\/www.muniquintero.cl\/wp-content\/uploads\/2024\/09\/numero-194x300.jpg 194w, https:\/\/www.muniquintero.cl\/wp-content\/uploads\/2024\/09\/numero-768x1187.jpg 768w, https:\/\/www.muniquintero.cl\/wp-content\/uploads\/2024\/09\/numero-994x1536.jpg 994w, https:\/\/www.muniquintero.cl\/wp-content\/uploads\/2024\/09\/numero.jpg 1035w\" sizes=\"(max-width: 662px) 100vw, 662px\" \/><\/figure>\n","protected":false},"excerpt":{"rendered":"<p>Ya est\u00e1 disponible y totalmente operativo el nuevo n\u00famero de seguridad y emergencia de la Municipalidad de Quintero. El *4113 es una l\u00ednea telef\u00f3nica gratuita disponibles las 24 horas, los 7 d\u00edas de la semana, operada por nuestra Central de C\u00e1maras y Comunicaciones dependiente de la Direcci\u00f3n de Seguridad P\u00fablica, comunicado en tiempo real con [&hellip;]<\/p>\n","protected":false},"author":7,"featured_media":0,"parent":0,"menu_order":0,"comment_status":"closed","ping_status":"closed","template":"","meta":{"footnotes":""},"class_list":["post-30005","page","type-page","status-publish","hentry"],"_links":{"self":[{"href":"https:\/\/www.muniquintero.cl\/index.php\/wp-json\/wp\/v2\/pages\/30005","targetHints":{"allow":["GET"]}}],"collection":[{"href":"https:\/\/www.muniquintero.cl\/index.php\/wp-json\/wp\/v2\/pages"}],"about":[{"href":"https:\/\/www.muniquintero.cl\/index.php\/wp-json\/wp\/v2\/types\/page"}],"author":[{"embeddable":true,"href":"https:\/\/www.muniquintero.cl\/index.php\/wp-json\/wp\/v2\/users\/7"}],"replies":[{"embeddable":true,"href":"https:\/\/www.muniquintero.cl\/index.php\/wp-json\/wp\/v2\/comments?post=30005"}],"version-history":[{"count":18,"href":"https:\/\/www.muniquintero.cl\/index.php\/wp-json\/wp\/v2\/pages\/30005\/revisions"}],"predecessor-version":[{"id":39979,"href":"https:\/\/www.muniquintero.cl\/index.php\/wp-json\/wp\/v2\/pages\/30005\/revisions\/39979"}],"wp:attachment":[{"href":"https:\/\/www.muniquintero.cl\/index.php\/wp-json\/wp\/v2\/media?parent=30005"}],"curies":[{"name":"wp","href":"https:\/\/api.w.org\/{rel}","templated":true}]}}