{"id":29995,"date":"2022-05-31T17:52:48","date_gmt":"2022-05-31T20:52:48","guid":{"rendered":"https:\/\/www.muniquintero.cl\/?page_id=29995"},"modified":"2022-07-06T14:43:22","modified_gmt":"2022-07-06T17:43:22","slug":"elementor-29995","status":"publish","type":"page","link":"https:\/\/www.muniquintero.cl\/index.php\/elementor-29995\/","title":{"rendered":"Oficina Prevencion del Delito"},"content":{"rendered":"\t\t<div data-elementor-type=\"wp-page\" data-elementor-id=\"29995\" class=\"elementor elementor-29995\" data-elementor-post-type=\"page\">\n\t\t\t\t\t\t<section class=\"ob-is-breaking-bad elementor-section elementor-top-section elementor-element elementor-element-93fd902 elementor-section-boxed elementor-section-height-default elementor-section-height-default\" data-id=\"93fd902\" data-element_type=\"section\" data-e-type=\"section\" data-settings=\"{&quot;_ob_bbad_use_it&quot;:&quot;yes&quot;,&quot;_ob_bbad_sssic_use&quot;:&quot;no&quot;,&quot;_ob_glider_is_slider&quot;:&quot;no&quot;}\">\n\t\t\t\t\t\t<div class=\"elementor-container elementor-column-gap-default\">\n\t\t\t\t\t<div class=\"elementor-column elementor-col-100 elementor-top-column elementor-element elementor-element-e4a7e2f\" data-id=\"e4a7e2f\" data-element_type=\"column\" data-e-type=\"column\" data-settings=\"{&quot;_ob_bbad_is_stalker&quot;:&quot;no&quot;,&quot;_ob_teleporter_use&quot;:false,&quot;_ob_column_hoveranimator&quot;:&quot;no&quot;,&quot;_ob_column_has_pseudo&quot;:&quot;no&quot;}\">\n\t\t\t<div class=\"elementor-widget-wrap\">\n\t\t\t\t\t\t\t<\/div>\n\t\t<\/div>\n\t\t\t\t\t<\/div>\n\t\t<\/section>\n\t\t\t\t<section class=\"ob-is-breaking-bad elementor-section elementor-top-section elementor-element elementor-element-dabbff7 elementor-section-boxed elementor-section-height-default elementor-section-height-default\" data-id=\"dabbff7\" data-element_type=\"section\" data-e-type=\"section\" data-settings=\"{&quot;_ob_bbad_use_it&quot;:&quot;yes&quot;,&quot;_ob_bbad_sssic_use&quot;:&quot;no&quot;,&quot;_ob_glider_is_slider&quot;:&quot;no&quot;}\">\n\t\t\t\t\t\t<div class=\"elementor-container elementor-column-gap-default\">\n\t\t\t\t\t<div class=\"elementor-column elementor-col-100 elementor-top-column elementor-element elementor-element-7bfb616\" data-id=\"7bfb616\" data-element_type=\"column\" data-e-type=\"column\" data-settings=\"{&quot;_ob_bbad_is_stalker&quot;:&quot;no&quot;,&quot;_ob_teleporter_use&quot;:false,&quot;_ob_column_hoveranimator&quot;:&quot;no&quot;,&quot;_ob_column_has_pseudo&quot;:&quot;no&quot;}\">\n\t\t\t<div class=\"elementor-widget-wrap elementor-element-populated\">\n\t\t\t\t\t\t<div class=\"elementor-element elementor-element-7610063 ob-has-background-overlay elementor-widget elementor-widget-image\" data-id=\"7610063\" data-element_type=\"widget\" data-e-type=\"widget\" data-settings=\"{&quot;_ob_photomorph_use&quot;:&quot;no&quot;,&quot;_ob_perspektive_use&quot;:&quot;no&quot;,&quot;_ob_poopart_use&quot;:&quot;yes&quot;,&quot;_ob_shadough_use&quot;:&quot;no&quot;,&quot;_ob_allow_hoveranimator&quot;:&quot;no&quot;,&quot;_ob_widget_stalker_use&quot;:&quot;no&quot;}\" data-widget_type=\"image.default\">\n\t\t\t\t<div class=\"elementor-widget-container\">\n\t\t\t\t\t\t\t\t\t\t\t\t\t\t\t<img fetchpriority=\"high\" decoding=\"async\" width=\"1536\" height=\"506\" src=\"https:\/\/www.muniquintero.cl\/wp-content\/uploads\/2022\/07\/bannerwebSEGURIDADverde-1536x506.jpg\" class=\"attachment-1536x1536 size-1536x1536 wp-image-30494\" alt=\"\" srcset=\"https:\/\/www.muniquintero.cl\/wp-content\/uploads\/2022\/07\/bannerwebSEGURIDADverde-1536x506.jpg 1536w, https:\/\/www.muniquintero.cl\/wp-content\/uploads\/2022\/07\/bannerwebSEGURIDADverde-300x99.jpg 300w, https:\/\/www.muniquintero.cl\/wp-content\/uploads\/2022\/07\/bannerwebSEGURIDADverde-1024x337.jpg 1024w, https:\/\/www.muniquintero.cl\/wp-content\/uploads\/2022\/07\/bannerwebSEGURIDADverde-768x253.jpg 768w, https:\/\/www.muniquintero.cl\/wp-content\/uploads\/2022\/07\/bannerwebSEGURIDADverde-2048x675.jpg 2048w\" sizes=\"(max-width: 1536px) 100vw, 1536px\" \/>\t\t\t\t\t\t\t\t\t\t\t\t\t\t\t<\/div>\n\t\t\t\t<\/div>\n\t\t\t\t\t<\/div>\n\t\t<\/div>\n\t\t\t\t\t<\/div>\n\t\t<\/section>\n\t\t\t\t<section class=\"ob-is-breaking-bad elementor-section elementor-top-section elementor-element elementor-element-d13fb07 elementor-section-boxed elementor-section-height-default elementor-section-height-default\" data-id=\"d13fb07\" data-element_type=\"section\" data-e-type=\"section\" data-settings=\"{&quot;_ob_bbad_use_it&quot;:&quot;yes&quot;,&quot;_ob_bbad_sssic_use&quot;:&quot;no&quot;,&quot;_ob_glider_is_slider&quot;:&quot;no&quot;}\">\n\t\t\t\t\t\t<div class=\"elementor-container elementor-column-gap-default\">\n\t\t\t\t\t<div class=\"elementor-column elementor-col-100 elementor-top-column elementor-element elementor-element-83409f7\" data-id=\"83409f7\" data-element_type=\"column\" data-e-type=\"column\" data-settings=\"{&quot;_ob_bbad_is_stalker&quot;:&quot;no&quot;,&quot;_ob_teleporter_use&quot;:false,&quot;_ob_column_hoveranimator&quot;:&quot;no&quot;,&quot;_ob_column_has_pseudo&quot;:&quot;no&quot;}\">\n\t\t\t<div class=\"elementor-widget-wrap\">\n\t\t\t\t\t\t\t<\/div>\n\t\t<\/div>\n\t\t\t\t\t<\/div>\n\t\t<\/section>\n\t\t\t\t<section class=\"ob-is-breaking-bad elementor-section elementor-top-section elementor-element elementor-element-853e9b9 elementor-section-boxed elementor-section-height-default elementor-section-height-default\" data-id=\"853e9b9\" data-element_type=\"section\" data-e-type=\"section\" data-settings=\"{&quot;_ob_bbad_use_it&quot;:&quot;yes&quot;,&quot;_ob_bbad_sssic_use&quot;:&quot;no&quot;,&quot;_ob_glider_is_slider&quot;:&quot;no&quot;}\">\n\t\t\t\t\t\t<div class=\"elementor-container elementor-column-gap-default\">\n\t\t\t\t\t<div class=\"elementor-column elementor-col-100 elementor-top-column elementor-element elementor-element-207482d\" data-id=\"207482d\" data-element_type=\"column\" data-e-type=\"column\" data-settings=\"{&quot;_ob_bbad_is_stalker&quot;:&quot;no&quot;,&quot;_ob_teleporter_use&quot;:false,&quot;_ob_column_hoveranimator&quot;:&quot;no&quot;,&quot;_ob_column_has_pseudo&quot;:&quot;no&quot;}\">\n\t\t\t<div class=\"elementor-widget-wrap elementor-element-populated\">\n\t\t\t\t\t\t<div class=\"elementor-element elementor-element-5467bfe ob-harakiri-inherit ob-has-background-overlay elementor-widget elementor-widget-heading\" data-id=\"5467bfe\" data-element_type=\"widget\" data-e-type=\"widget\" data-settings=\"{&quot;_ob_use_harakiri&quot;:&quot;yes&quot;,&quot;_ob_harakiri_writing_mode&quot;:&quot;inherit&quot;,&quot;_ob_harakiri_text_clip&quot;:&quot;none&quot;,&quot;_ob_perspektive_use&quot;:&quot;no&quot;,&quot;_ob_poopart_use&quot;:&quot;yes&quot;,&quot;_ob_shadough_use&quot;:&quot;no&quot;,&quot;_ob_allow_hoveranimator&quot;:&quot;no&quot;,&quot;_ob_widget_stalker_use&quot;:&quot;no&quot;}\" data-widget_type=\"heading.default\">\n\t\t\t\t<div class=\"elementor-widget-container\">\n\t\t\t\t\t<h2 class=\"elementor-heading-title elementor-size-default\">Oficina de Prevenci\u00f3n Social del Delito<\/h2>\t\t\t\t<\/div>\n\t\t\t\t<\/div>\n\t\t\t\t\t<\/div>\n\t\t<\/div>\n\t\t\t\t\t<\/div>\n\t\t<\/section>\n\t\t\t\t<section class=\"ob-is-breaking-bad elementor-section elementor-top-section elementor-element elementor-element-02153fe elementor-section-boxed elementor-section-height-default elementor-section-height-default\" data-id=\"02153fe\" data-element_type=\"section\" data-e-type=\"section\" data-settings=\"{&quot;_ob_bbad_use_it&quot;:&quot;yes&quot;,&quot;_ob_bbad_sssic_use&quot;:&quot;no&quot;,&quot;_ob_glider_is_slider&quot;:&quot;no&quot;}\">\n\t\t\t\t\t\t<div class=\"elementor-container elementor-column-gap-default\">\n\t\t\t\t\t<div class=\"elementor-column elementor-col-100 elementor-top-column elementor-element elementor-element-43f1ebe\" data-id=\"43f1ebe\" data-element_type=\"column\" data-e-type=\"column\" data-settings=\"{&quot;_ob_bbad_is_stalker&quot;:&quot;no&quot;,&quot;_ob_teleporter_use&quot;:false,&quot;_ob_column_hoveranimator&quot;:&quot;no&quot;,&quot;_ob_column_has_pseudo&quot;:&quot;no&quot;}\">\n\t\t\t<div class=\"elementor-widget-wrap elementor-element-populated\">\n\t\t\t\t\t\t<div class=\"elementor-element elementor-element-228c758 ob-harakiri-inherit ob-has-background-overlay elementor-widget elementor-widget-text-editor\" data-id=\"228c758\" data-element_type=\"widget\" data-e-type=\"widget\" data-settings=\"{&quot;_ob_use_harakiri&quot;:&quot;yes&quot;,&quot;_ob_harakiri_writing_mode&quot;:&quot;inherit&quot;,&quot;_ob_postman_use&quot;:&quot;no&quot;,&quot;_ob_perspektive_use&quot;:&quot;no&quot;,&quot;_ob_poopart_use&quot;:&quot;yes&quot;,&quot;_ob_shadough_use&quot;:&quot;no&quot;,&quot;_ob_allow_hoveranimator&quot;:&quot;no&quot;,&quot;_ob_widget_stalker_use&quot;:&quot;no&quot;}\" data-widget_type=\"text-editor.default\">\n\t\t\t\t<div class=\"elementor-widget-container\">\n\t\t\t\t\t\t\t\t\t<p style=\"margin-bottom:6.0pt;line-height:115%\"><b><span style=\"font-size:11.0pt;line-height: 115%;font-family:&quot;Arial&quot;,sans-serif;color:#365F91;mso-themecolor:accent1; mso-themeshade:191;mso-fareast-language:ES-CL;mso-no-proof:yes\">OBJETIVO<o:p><\/o:p><\/span><\/b><\/p>\n<p><\/p>\n<p style=\"margin-bottom:6.0pt;text-align:justify;line-height: 115%\"><span style=\"font-size:11.0pt;line-height:115%;font-family:&quot;Arial&quot;,sans-serif; mso-fareast-language:ES-CL;mso-no-proof:yes\">La Oficina de Prevenci\u00f3n Social&nbsp;del Delito, busca aportar en el dise\u00f1o de nuevas pol\u00edticas p\u00fablicas comunales, formuladas desde el respeto a las personas, el control ciudadano y el \u00e9nfasis en la dimensi\u00f3n preventiva y de acompa\u00f1amiento. Se suman a lo anterior, laeducaci\u00f3n comunitaria y la comunicaci\u00f3n social, como caminos para combatir la oportunidad de delito o la asesor\u00eda en los casos donde este ya se desarrollara, entendiendo las necesidades de cada sector para construir de esta forma un Quintero m\u00e1s seguro. La Seguridad P\u00fablica se ha transformado en una de las principales l\u00edneas de la segunda administraci\u00f3n municipal del alcalde Mauricio Carrasco, enfatiz\u00e1ndose, adem\u00e1s, una perspectiva que muestra a la participaci\u00f3n ciudadana como protagonista fundamental en la toma de decisiones en estas materias.<o:p><\/o:p><\/span><\/p>\n<p style=\"margin-bottom:6.0pt;text-align:justify;line-height: 115%\"><span style=\"font-size:11.0pt;line-height:115%;font-family:&quot;Arial&quot;,sans-serif; mso-fareast-language:ES-CL;mso-no-proof:yes\"><br><\/span><\/p>\n<p style=\"margin-bottom:6.0pt;line-height:115%\"><b><span style=\"font-size:11.0pt;line-height:\n115%;font-family:&quot;Arial&quot;,sans-serif;color:#365F91;mso-themecolor:accent1;\nmso-themeshade:191;mso-fareast-language:ES-CL;mso-no-proof:yes\">LINEAS DE\nACCI\u00d3N<o:p><\/o:p><\/span><\/b><\/p><p style=\"margin-bottom:6.0pt;line-height:115%\"><b><span style=\"font-size:11.0pt;line-height:115%;font-family:&quot;Arial&quot;,sans-serif;\nmso-fareast-language:ES-CL;mso-no-proof:yes\">&nbsp;<\/span><\/b><\/p><p style=\"margin-top:0cm;margin-right:0cm;margin-bottom:6.0pt;\nmargin-left:21.25pt;text-align:justify;text-indent:-21.25pt;line-height:115%;\nmso-list:l0 level1 lfo1;tab-stops:21.25pt\"><!--[if !supportLists]--><span style=\"font-size:11.0pt;line-height:115%;font-family:&quot;Arial&quot;,sans-serif;\nmso-fareast-font-family:Arial;mso-fareast-language:ES-CL;mso-no-proof:yes\">a)<span style=\"font-variant-numeric: normal; font-variant-east-asian: normal; font-stretch: normal; font-size: 7pt; line-height: normal; font-family: &quot;Times New Roman&quot;;\">&nbsp;&nbsp;&nbsp;&nbsp;\n<\/span><\/span><!--[endif]--><span style=\"font-size:11.0pt;line-height:115%;\nfont-family:&quot;Arial&quot;,sans-serif;mso-fareast-language:ES-CL;mso-no-proof:yes\">Involucrar\na la poblaci\u00f3n en el combate contra la delincuencia y hacer sostenible su\nparticipaci\u00f3n en el tiempo.<o:p><\/o:p><\/span><\/p><p style=\"margin-top:0cm;margin-right:0cm;margin-bottom:6.0pt;\nmargin-left:21.25pt;text-align:justify;text-indent:-21.25pt;line-height:115%;\nmso-list:l0 level1 lfo1;tab-stops:21.25pt\"><!--[if !supportLists]--><span style=\"font-size:11.0pt;line-height:115%;font-family:&quot;Arial&quot;,sans-serif;\nmso-fareast-font-family:Arial;mso-fareast-language:ES-CL;mso-no-proof:yes\">b)<span style=\"font-variant-numeric: normal; font-variant-east-asian: normal; font-stretch: normal; font-size: 7pt; line-height: normal; font-family: &quot;Times New Roman&quot;;\">&nbsp;&nbsp;&nbsp;&nbsp;\n<\/span><\/span><!--[endif]--><span style=\"font-size:11.0pt;line-height:115%;\nfont-family:&quot;Arial&quot;,sans-serif;mso-fareast-language:ES-CL;mso-no-proof:yes\">Formular\nun Diagn\u00f3stico del estado de la seguridad p\u00fablica comunal, basado en los\nlineamientos de participaci\u00f3n ciudadana estipulados en la Ley N\u00b020.500. <o:p><\/o:p><\/span><\/p><p style=\"margin-top:0cm;margin-right:0cm;margin-bottom:6.0pt;\nmargin-left:21.25pt;text-align:justify;text-indent:-21.25pt;line-height:115%;\nmso-list:l0 level1 lfo1;tab-stops:21.25pt\"><!--[if !supportLists]--><span style=\"font-size:11.0pt;line-height:115%;font-family:&quot;Arial&quot;,sans-serif;\nmso-fareast-font-family:Arial;mso-fareast-language:ES-CL;mso-no-proof:yes\">c)<span style=\"font-variant-numeric: normal; font-variant-east-asian: normal; font-stretch: normal; font-size: 7pt; line-height: normal; font-family: &quot;Times New Roman&quot;;\">&nbsp;&nbsp;&nbsp;&nbsp;&nbsp;\n<\/span><\/span><!--[endif]--><span style=\"font-size:11.0pt;line-height:115%;\nfont-family:&quot;Arial&quot;,sans-serif;mso-fareast-language:ES-CL;mso-no-proof:yes\">Contribuir\nen el desarrollo de una comunidad con un capital social fuerte y con v\u00ednculos\ncimentados en la solidaridad entre sus miembros.<o:p><\/o:p><\/span><\/p><p style=\"margin-top:0cm;margin-right:0cm;margin-bottom:6.0pt;\nmargin-left:21.25pt;text-align:justify;text-indent:-21.25pt;line-height:115%;\nmso-list:l0 level1 lfo1;tab-stops:21.25pt\"><!--[if !supportLists]--><span style=\"font-size:11.0pt;line-height:115%;font-family:&quot;Arial&quot;,sans-serif;\nmso-fareast-font-family:Arial;mso-fareast-language:ES-CL;mso-no-proof:yes\">d)<span style=\"font-variant-numeric: normal; font-variant-east-asian: normal; font-stretch: normal; font-size: 7pt; line-height: normal; font-family: &quot;Times New Roman&quot;;\">&nbsp;&nbsp;&nbsp;&nbsp;\n<\/span><\/span><!--[endif]--><span style=\"font-size:11.0pt;line-height:115%;\nfont-family:&quot;Arial&quot;,sans-serif;mso-fareast-language:ES-CL;mso-no-proof:yes\">Planificar\nacciones preventivas en conjunto con vecinos y organizaciones comunitarias,\nacordando compromisos, tareas y metas.<o:p><\/o:p><\/span><\/p><p style=\"margin-top:0cm;margin-right:0cm;margin-bottom:6.0pt;\nmargin-left:21.25pt;text-align:justify;text-indent:-21.25pt;line-height:115%;\nmso-list:l0 level1 lfo1;tab-stops:21.25pt\"><!--[if !supportLists]--><span style=\"font-size:11.0pt;line-height:115%;font-family:&quot;Arial&quot;,sans-serif;\nmso-fareast-font-family:Arial;mso-fareast-language:ES-CL;mso-no-proof:yes\">e)<span style=\"font-variant-numeric: normal; font-variant-east-asian: normal; font-stretch: normal; font-size: 7pt; line-height: normal; font-family: &quot;Times New Roman&quot;;\">&nbsp;&nbsp;&nbsp;&nbsp;\n<\/span><\/span><!--[endif]--><span style=\"font-size:11.0pt;line-height:115%;\nfont-family:&quot;Arial&quot;,sans-serif;mso-no-proof:yes\">Educar, capacitar y promover\nlas capacidades de las comunidades frente a los riesgos del consumo de drogas y\nalcohol.<\/span><span style=\"font-size:11.0pt;line-height:115%;font-family:&quot;Arial&quot;,sans-serif;\nmso-fareast-language:ES-CL;mso-no-proof:yes\"><o:p><\/o:p><\/span><\/p><p style=\"margin-top:0cm;margin-right:0cm;margin-bottom:6.0pt;\nmargin-left:21.25pt;text-align:justify;text-indent:-21.25pt;line-height:115%;\nmso-list:l0 level1 lfo1;tab-stops:21.25pt\"><!--[if !supportLists]--><span style=\"font-size:11.0pt;line-height:115%;font-family:&quot;Arial&quot;,sans-serif;\nmso-fareast-font-family:Arial;mso-fareast-language:ES-CL;mso-no-proof:yes\">f)<span style=\"font-variant-numeric: normal; font-variant-east-asian: normal; font-stretch: normal; font-size: 7pt; line-height: normal; font-family: &quot;Times New Roman&quot;;\">&nbsp;&nbsp;&nbsp;&nbsp;&nbsp;&nbsp;\n<\/span><\/span><!--[endif]--><span style=\"font-size:11.0pt;line-height:115%;\nfont-family:&quot;Arial&quot;,sans-serif;mso-fareast-language:ES-CL;mso-no-proof:yes\">Identificar\nproblemas y encontrar soluciones realistas y alcanzables.<o:p><\/o:p><\/span><\/p><p style=\"margin-top:0cm;margin-right:0cm;margin-bottom:6.0pt;\nmargin-left:21.25pt;text-align:justify;text-indent:-21.25pt;line-height:115%;\nmso-list:l0 level1 lfo1;tab-stops:21.25pt\"><!--[if !supportLists]--><span style=\"font-size:11.0pt;line-height:115%;font-family:&quot;Arial&quot;,sans-serif;\nmso-fareast-font-family:Arial;mso-fareast-language:ES-CL;mso-no-proof:yes\">g)<span style=\"font-variant-numeric: normal; font-variant-east-asian: normal; font-stretch: normal; font-size: 7pt; line-height: normal; font-family: &quot;Times New Roman&quot;;\">&nbsp;&nbsp;&nbsp;&nbsp;\n<\/span><\/span><!--[endif]--><span style=\"font-size:11.0pt;line-height:115%;\nfont-family:&quot;Arial&quot;,sans-serif;mso-fareast-language:ES-CL;mso-no-proof:yes\">Evaluar\nconstantemente las acciones realizadas y fomentar los cambios necesarios para\nsu efectividad.<o:p><\/o:p><\/span><\/p><p style=\"margin-top:0cm;margin-right:0cm;margin-bottom:6.0pt;\nmargin-left:21.25pt;text-align:justify;text-indent:-21.25pt;line-height:115%;\nmso-list:l0 level1 lfo1;tab-stops:21.25pt\"><!--[if !supportLists]--><span style=\"font-size:11.0pt;line-height:115%;font-family:&quot;Arial&quot;,sans-serif;\nmso-fareast-font-family:Arial;mso-fareast-language:ES-CL;mso-no-proof:yes\">h)<span style=\"font-variant-numeric: normal; font-variant-east-asian: normal; font-stretch: normal; font-size: 7pt; line-height: normal; font-family: &quot;Times New Roman&quot;;\">&nbsp;&nbsp;&nbsp;&nbsp;\n<\/span><\/span><!--[endif]--><span style=\"font-size:11.0pt;line-height:115%;\nfont-family:&quot;Arial&quot;,sans-serif;mso-fareast-language:ES-CL;mso-no-proof:yes\">Entregar\napoyo y contenci\u00f3n a las personas que han sido v\u00edctimas de delitos en la\ncomuna, por medio de una asistencia jur\u00eddica y psicosocial profesional.<o:p><\/o:p><\/span><\/p><p style=\"margin-top:0cm;margin-right:0cm;margin-bottom:6.0pt;\nmargin-left:21.25pt;text-align:justify;text-indent:-21.25pt;line-height:115%;\nmso-list:l0 level1 lfo1;tab-stops:21.25pt\"><!--[if !supportLists]--><span style=\"font-size:11.0pt;line-height:115%;font-family:&quot;Arial&quot;,sans-serif;\nmso-fareast-font-family:Arial;mso-fareast-language:ES-CL;mso-no-proof:yes\">i)<span style=\"font-variant-numeric: normal; font-variant-east-asian: normal; font-stretch: normal; font-size: 7pt; line-height: normal; font-family: &quot;Times New Roman&quot;;\">&nbsp;&nbsp;&nbsp;&nbsp;&nbsp;&nbsp;\n<\/span><\/span><!--[endif]--><span style=\"font-size:11.0pt;line-height:115%;\nfont-family:&quot;Arial&quot;,sans-serif;mso-fareast-language:ES-CL;mso-no-proof:yes\">Generar\nlos espacios para la creaci\u00f3n de redes entre los diversos actores del entramado\nsocial, de forma de actuar comunitariamente, manteniendo instituciones y\nrelaciones saludables dentro de la comuna.<o:p><\/o:p><\/span><\/p><p style=\"margin-bottom:6.0pt;text-align:justify;line-height: 115%\"><span style=\"font-size:11.0pt;line-height:115%;font-family:&quot;Arial&quot;,sans-serif; mso-fareast-language:ES-CL;mso-no-proof:yes\">\n\n\n\n\n\n\n\n\n\n\n\n\n\n\n\n\n\n\n\n\n\n<\/span><\/p><p style=\"margin-bottom:6.0pt;text-align:justify;line-height:\n115%\"><span style=\"font-size:11.0pt;line-height:115%;font-family:&quot;Arial&quot;,sans-serif;\nmso-fareast-language:ES-CL;mso-no-proof:yes\">El desarrollo de estas lineas de\nacci\u00f3n, son implementadas a trav\u00e9s de los programas a su cargo: Comunidad,\nSENDA Previene y Atenci\u00f3n de V\u00edctimas de delitos, los que sumados a las\ncompetencias y <\/span><span style=\"font-size:11.0pt;line-height:115%;\nfont-family:&quot;Arial&quot;,sans-serif;mso-fareast-language:ES-CL\">disposici\u00f3n de sus\nprofesionales m\u00e1s all\u00e1 de las \u00e1reas propias de\nsus tareas, logran impactar positivamente en la comunidad.&nbsp;<o:p><\/o:p><\/span><\/p>\t\t\t\t\t\t\t\t<\/div>\n\t\t\t\t<\/div>\n\t\t\t\t\t<\/div>\n\t\t<\/div>\n\t\t\t\t\t<\/div>\n\t\t<\/section>\n\t\t\t\t<\/div>\n\t\t","protected":false},"excerpt":{"rendered":"<p>Oficina de Prevenci\u00f3n Social del Delito OBJETIVO La Oficina de Prevenci\u00f3n Social&nbsp;del Delito, busca aportar en el dise\u00f1o de nuevas pol\u00edticas p\u00fablicas comunales, formuladas desde el respeto a las personas, el control ciudadano y el \u00e9nfasis en la dimensi\u00f3n preventiva y de acompa\u00f1amiento. Se suman a lo anterior, laeducaci\u00f3n comunitaria y la comunicaci\u00f3n social, como [&hellip;]<\/p>\n","protected":false},"author":7,"featured_media":0,"parent":0,"menu_order":0,"comment_status":"closed","ping_status":"closed","template":"","meta":{"footnotes":""},"class_list":["post-29995","page","type-page","status-publish","hentry"],"_links":{"self":[{"href":"https:\/\/www.muniquintero.cl\/index.php\/wp-json\/wp\/v2\/pages\/29995","targetHints":{"allow":["GET"]}}],"collection":[{"href":"https:\/\/www.muniquintero.cl\/index.php\/wp-json\/wp\/v2\/pages"}],"about":[{"href":"https:\/\/www.muniquintero.cl\/index.php\/wp-json\/wp\/v2\/types\/page"}],"author":[{"embeddable":true,"href":"https:\/\/www.muniquintero.cl\/index.php\/wp-json\/wp\/v2\/users\/7"}],"replies":[{"embeddable":true,"href":"https:\/\/www.muniquintero.cl\/index.php\/wp-json\/wp\/v2\/comments?post=29995"}],"version-history":[{"count":21,"href":"https:\/\/www.muniquintero.cl\/index.php\/wp-json\/wp\/v2\/pages\/29995\/revisions"}],"predecessor-version":[{"id":30507,"href":"https:\/\/www.muniquintero.cl\/index.php\/wp-json\/wp\/v2\/pages\/29995\/revisions\/30507"}],"wp:attachment":[{"href":"https:\/\/www.muniquintero.cl\/index.php\/wp-json\/wp\/v2\/media?parent=29995"}],"curies":[{"name":"wp","href":"https:\/\/api.w.org\/{rel}","templated":true}]}}