{"id":29638,"date":"2022-05-04T16:40:48","date_gmt":"2022-05-04T19:40:48","guid":{"rendered":"https:\/\/www.muniquintero.cl\/?page_id=29638"},"modified":"2026-01-23T17:12:32","modified_gmt":"2026-01-23T21:12:32","slug":"bolsa-de-trabajo","status":"publish","type":"page","link":"https:\/\/www.muniquintero.cl\/index.php\/bolsa-de-trabajo\/","title":{"rendered":"Bolsa de Trabajo"},"content":{"rendered":"<h2>Trabaja en la <br \/>municipalidad de quintero<\/h2>\n<style>.elementor-29632 .elementor-element.elementor-element-37495c5.ob-is-breaking-bad > .elementor-container > .elementor-row, .elementor-29632 .elementor-element.elementor-element-37495c5.ob-is-breaking-bad > .elementor-container{justify-content:flex-start !important;flex-direction:row;}.elementor-29632 .elementor-element.elementor-element-37495c5.ob-is-breaking-bad.ob-bb-inner > .elementor-container > .elementor-row, .elementor-29632 .elementor-element.elementor-element-37495c5.ob-is-breaking-bad.ob-bb-inner > .elementor-container{justify-content:flex-start !important;flex-direction:row;}.elementor-29632 .elementor-element.elementor-element-37495c5.ob-is-breaking-bad.ob-is-glider > .elementor-container.swiper-container-vertical > .elementor-row, .elementor-29632 .elementor-element.elementor-element-37495c5.ob-is-breaking-bad.ob-is-glider > .elementor-container.swiper-container-vertical{flex-direction:column;}.elementor-29632 .elementor-element.elementor-element-37495c5.ob-is-breaking-bad.ob-is-glider.ob-bb-inner > .elementor-container.swiper-container-vertical > .elementor-row, .elementor-29632 .elementor-element.elementor-element-37495c5.ob-is-breaking-bad.ob-is-glider.ob-bb-inner > .elementor-container.swiper-container-vertical{flex-direction:column;}.elementor-29632 .elementor-element.elementor-element-37495c5.ob-is-breaking-bad.ob-bb-inner{width:100%;flex:unset;align-self:inherit;}.elementor-29632 .elementor-element.elementor-element-7353282.elementor-column{align-self:inherit;cursor:default;}.elementor-29632 .elementor-element.elementor-element-7353282:not(.elementor-motion-effects-element-type-background) > .elementor-widget-wrap, .elementor-29632 .elementor-element.elementor-element-7353282 > .elementor-widget-wrap > .elementor-motion-effects-container > .elementor-motion-effects-layer{background-color:#F2F2F2;}.elementor-29632 .elementor-element.elementor-element-7353282 > .elementor-element-populated, .elementor-29632 .elementor-element.elementor-element-7353282 > .elementor-element-populated > .elementor-background-overlay, .elementor-29632 .elementor-element.elementor-element-7353282 > .elementor-background-slideshow{border-radius:15px 15px 15px 15px;}.elementor-29632 .elementor-element.elementor-element-7353282 > .elementor-element-populated{transition:background 0.3s, border 0.3s, border-radius 0.3s, box-shadow 0.3s;padding:25px 25px 25px 25px;}.elementor-29632 .elementor-element.elementor-element-7353282 > .elementor-element-populated > .elementor-background-overlay{transition:background 0.3s, border-radius 0.3s, opacity 0.3s;}.elementor-29632 .elementor-element.elementor-element-ebd4df6 .jet-listing-dynamic-field__content{color:var( --e-global-color-ac42ad8 );font-weight:700;text-transform:uppercase;text-align:left;}.elementor-29632 .elementor-element.elementor-element-ebd4df6 .jet-listing-dynamic-field .jet-listing-dynamic-field__inline-wrap{width:auto;}.elementor-29632 .elementor-element.elementor-element-ebd4df6 .jet-listing-dynamic-field .jet-listing-dynamic-field__content{width:auto;}.elementor-29632 .elementor-element.elementor-element-ebd4df6 .jet-listing-dynamic-field{justify-content:flex-start;}.elementor-29632 .elementor-element.elementor-element-7e95bb6 .jet-listing-dynamic-field .jet-listing-dynamic-field__inline-wrap{width:auto;}.elementor-29632 .elementor-element.elementor-element-7e95bb6 .jet-listing-dynamic-field .jet-listing-dynamic-field__content{width:auto;}.elementor-29632 .elementor-element.elementor-element-7e95bb6 .jet-listing-dynamic-field{justify-content:flex-start;}.elementor-29632 .elementor-element.elementor-element-7e95bb6 .jet-listing-dynamic-field__content{text-align:left;}<\/style>\n<section data-id=\"37495c5\" data-element_type=\"section\" data-settings=\"{&quot;_ob_bbad_use_it&quot;:&quot;yes&quot;,&quot;_ob_bbad_sssic_use&quot;:&quot;no&quot;,&quot;_ob_glider_is_slider&quot;:&quot;no&quot;}\">\n\t\t\tLlamado a Concurso P\u00fablico para monitor de m\u00fasica Programa de 4 a 7\t\t<\/p>\n<p><em>\u201cLl\u00e1mese a concurso p\u00fablico para proveer 01 Cargo de monitor\/a de m\u00fasica para programa 4 A 7 de la comuna de Quintero \u201c<\/em><\/p>\n<p><strong><u>01 cargo media jornada de&nbsp;<\/u><\/strong>monitor\/a de m\u00fasica;&nbsp;<strong><u>contrato a honorarios<\/u><\/strong>, jornada de 22 horas con una remuneraci\u00f3n bruta de&nbsp;<strong>$387.428&nbsp;<\/strong>(trescientos ochenta y siete mil cuatrocientos veintiocho pesos), financiado por SERNAMEG.<\/p>\n<p><strong><u>Plazo del Contrato:<\/u><\/strong><\/p>\n<p>Contrato desde 1 de mayo a 31 diciembre 2022.<\/p>\n<p><strong><u>Requisitos del cargo:<\/u><\/strong><\/p>\n<p>\u2013 Profesional o t\u00e9cnico de las \u00e1reas de la Educaci\u00f3n, psicolog\u00eda o de las Ciencias Sociales. Se considerar\u00e1 a profesionales, t\u00e9cnicos y\/o expertos de otras \u00e1reas si demuestran mayor experiencia en trabajo con ni\u00f1os y ni\u00f1as y manejo de equipos. Tambi\u00e9n podr\u00e1n ser monitores\/ as una persona titulada o egresada con conocimientos en el \u00e1rea musical o estudiante de educaci\u00f3n superior en su \u00faltimo a\u00f1o de carrera de m\u00fasica o similar.<\/p>\n<p>-Al menos 1 a\u00f1o de experiencia en el trabajo con ni\u00f1os y ni\u00f1as.<\/p>\n<p>-Manejo de t\u00e9cnicas grupales y metodolog\u00edas participativas.<\/p>\n<p>-Ejecutar actividades enmarcadas dentro del Programa 4 a 7, de manera presencial o v\u00eda remota seg\u00fan el estado de excepci\u00f3n en que se encuentre el pa\u00eds o comuna por la Pandemia COVID-19.<\/p>\n<p><strong><u>Perfil del cargo:<\/u><\/strong><\/p>\n<p><strong>Educaci\u00f3n:<\/strong>&nbsp;Profesional o t\u00e9cnico del \u00e1rea m\u00fasica y\/o estudiante de ultimo a\u00f1o de carrera de m\u00fasica o similar.<\/p>\n<p><strong><u>Conocimientos requeridos del cargo:<\/u><\/strong><\/p>\n<p>\u2013 Nivel usuario de Programas computacionales Microsoft Office (Word, Excel) y uso de internet.<\/p>\n<p>\u2013 Conocimientos en enfoque de G\u00e9nero.<\/p>\n<p><strong><u>Competencias requeridas del cargo:&nbsp;<\/u><\/strong>&nbsp;<\/p>\n<p>&nbsp;\u2013 Habilidades para establecer relaciones de trabajo positivas y colaborativas.<\/p>\n<p>\u2013 Habilidades para el trabajo en equipo.<\/p>\n<p><strong><u>Antecedentes laborales y acad\u00e9micos a presentar<\/u><\/strong>:<\/p>\n<p>Los\/as postulantes deber\u00e1n presentar los antecedentes m\u00e1s abajo requeridos, v\u00eda correo electr\u00f3nico a&nbsp;<strong><em>plucarelli@muniquintero.cl<\/em><\/strong>&nbsp;(formato pdf, jpg, .docx)&nbsp;<strong>Asunto: \u201cConcurso monitor\/a taller de m\u00fasica Programa 4 a 7 2022\u201d,&nbsp;<\/strong><strong>desde el 21 de abril al 27 de abril del 2021 hasta las 18:00 horas.<\/strong><\/p>\n<p>Los postulantes deben adjuntar fotocopia simple de:<\/p>\n<ul>\n<li>Curriculum vitae<\/li>\n<li>Certificado de t\u00edtulo profesional o t\u00e9cnico nivel superior o certificado alumno regular de \u00faltimo a\u00f1o de carrera a fin m\u00fasica o similar (copia simple)<\/li>\n<\/ul>\n<ul>\n<li>Certificado de inhabilidades para trabajar con ni\u00f1os (www.registrocivil.cl)<\/li>\n<li>Certificado de antecedentes (<a href=\"http:\/\/www.registrocivil.cl\/\">www.registrocivil.cl<\/a>)<\/li>\n<li>Certificado de antecedentes de violencia intrafamiliar, que acredite que no se encuentra en el Registro Especial de Personas que hayan sido condenadas por Violencia Intrafamiliar por medio de una sentencia Ejecutoriada.<\/li>\n<li>Fotocopia de la Cedula de identidad<\/li>\n<\/ul>\n<p><strong><u>Entrevista de selecci\u00f3n<\/u><\/strong>:<\/p>\n<p>Posterior a la evaluaci\u00f3n curricular se efectuar\u00e1 una segunda fase del concurso consistente en una entrevista del postulante ante la comisi\u00f3n, sobre las caracter\u00edsticas y competencias mencionadas en el perfil de cargo. Debido a la emergencia sanitaria, esta entrevista ser\u00e1 realizada mediante video conferencia, por plataforma zoom.<\/p>\n<p>La entrevista s\u00f3lo podr\u00e1 aplicarse a quienes han calificado como elegibles en la etapa de evaluaci\u00f3n curricular.<\/p>\n<p><strong><u>Resoluci\u00f3n del Concurso:<\/u><\/strong><\/p>\n<p>Con base en los resultados de las etapas de evaluaci\u00f3n curricular y entrevista, la comisi\u00f3n elaborar\u00e1 una terna con los postulantes de mayor puntuaci\u00f3n la que ser\u00e1 presentada al alcalde, a fin de que tome la decisi\u00f3n final sobre la selecci\u00f3n de el\/la persona que ocupar\u00e1 finalmente el cargo monitor\/a de m\u00fasica del Programa 4 a 7.<\/p>\n<p><strong><u>Cronograma del concurso*:<\/u><\/strong><\/p>\n<figure>\n<table>\n<tbody>\n<tr>\n<td>ETAPA<\/td>\n<td>PLAZO<\/td>\n<\/tr>\n<tr>\n<td>Publicaci\u00f3n de las Bases concurso p\u00fablico<\/td>\n<td>21 de abril 2022<\/td>\n<\/tr>\n<tr>\n<td>Convocatoria a concurso de monitor\/a de m\u00fasica y env\u00edo de antecedentes.<\/td>\n<td>21 de abril al 27 de abril de 2022, hasta las 18:00 hrs.<\/td>\n<\/tr>\n<tr>\n<td>Admisibilidad: Revisi\u00f3n de antecedentes y documentaci\u00f3n requerida**<\/td>\n<td>28 de abril de 2022.<\/td>\n<\/tr>\n<tr>\n<td><strong>Entrevista (video conferencia)<\/strong><\/td>\n<td>28 de abril de 2022 &nbsp;<\/td>\n<\/tr>\n<tr>\n<td>Comunicaci\u00f3n de los Resultados<\/td>\n<td>29 abril de 2022 &nbsp;<\/td>\n<\/tr>\n<\/tbody>\n<\/table>\n<\/figure>\n<p><strong>*Los plazos estipulados en las presentes bases pueden ser modificados por razones justificadas previo aviso a los postulantes<\/strong>.<\/p>\n<p><strong>** Los postulantes que avancen en las etapas del presente concurso ser\u00e1n notificados v\u00eda correo electr\u00f3nico y\/o telef\u00f3nico.<\/strong><\/p>\n<\/p>\n<p><strong>RUBEN GUTIERREZ CABRERA<\/strong><\/p>\n<p><strong>ALCALDE I. MUNICIPALIDAD DE QUINTERO (S)<\/strong><\/p>\n<p><strong>Quintero, 20 abril de 2022.<\/strong><\/p>\n<\/section>\n<style>.elementor-29632 .elementor-element.elementor-element-37495c5.ob-is-breaking-bad > .elementor-container > .elementor-row, .elementor-29632 .elementor-element.elementor-element-37495c5.ob-is-breaking-bad > .elementor-container{justify-content:flex-start !important;flex-direction:row;}.elementor-29632 .elementor-element.elementor-element-37495c5.ob-is-breaking-bad.ob-bb-inner > .elementor-container > .elementor-row, .elementor-29632 .elementor-element.elementor-element-37495c5.ob-is-breaking-bad.ob-bb-inner > .elementor-container{justify-content:flex-start !important;flex-direction:row;}.elementor-29632 .elementor-element.elementor-element-37495c5.ob-is-breaking-bad.ob-is-glider > .elementor-container.swiper-container-vertical > .elementor-row, .elementor-29632 .elementor-element.elementor-element-37495c5.ob-is-breaking-bad.ob-is-glider > .elementor-container.swiper-container-vertical{flex-direction:column;}.elementor-29632 .elementor-element.elementor-element-37495c5.ob-is-breaking-bad.ob-is-glider.ob-bb-inner > .elementor-container.swiper-container-vertical > .elementor-row, .elementor-29632 .elementor-element.elementor-element-37495c5.ob-is-breaking-bad.ob-is-glider.ob-bb-inner > .elementor-container.swiper-container-vertical{flex-direction:column;}.elementor-29632 .elementor-element.elementor-element-37495c5.ob-is-breaking-bad.ob-bb-inner{width:100%;flex:unset;align-self:inherit;}.elementor-29632 .elementor-element.elementor-element-7353282.elementor-column{align-self:inherit;cursor:default;}.elementor-29632 .elementor-element.elementor-element-7353282:not(.elementor-motion-effects-element-type-background) > .elementor-widget-wrap, .elementor-29632 .elementor-element.elementor-element-7353282 > .elementor-widget-wrap > .elementor-motion-effects-container > .elementor-motion-effects-layer{background-color:#F2F2F2;}.elementor-29632 .elementor-element.elementor-element-7353282 > .elementor-element-populated, .elementor-29632 .elementor-element.elementor-element-7353282 > .elementor-element-populated > .elementor-background-overlay, .elementor-29632 .elementor-element.elementor-element-7353282 > .elementor-background-slideshow{border-radius:15px 15px 15px 15px;}.elementor-29632 .elementor-element.elementor-element-7353282 > .elementor-element-populated{transition:background 0.3s, border 0.3s, border-radius 0.3s, box-shadow 0.3s;padding:25px 25px 25px 25px;}.elementor-29632 .elementor-element.elementor-element-7353282 > .elementor-element-populated > .elementor-background-overlay{transition:background 0.3s, border-radius 0.3s, opacity 0.3s;}.elementor-29632 .elementor-element.elementor-element-ebd4df6 .jet-listing-dynamic-field__content{color:var( --e-global-color-ac42ad8 );font-weight:700;text-transform:uppercase;text-align:left;}.elementor-29632 .elementor-element.elementor-element-ebd4df6 .jet-listing-dynamic-field .jet-listing-dynamic-field__inline-wrap{width:auto;}.elementor-29632 .elementor-element.elementor-element-ebd4df6 .jet-listing-dynamic-field .jet-listing-dynamic-field__content{width:auto;}.elementor-29632 .elementor-element.elementor-element-ebd4df6 .jet-listing-dynamic-field{justify-content:flex-start;}.elementor-29632 .elementor-element.elementor-element-7e95bb6 .jet-listing-dynamic-field .jet-listing-dynamic-field__inline-wrap{width:auto;}.elementor-29632 .elementor-element.elementor-element-7e95bb6 .jet-listing-dynamic-field .jet-listing-dynamic-field__content{width:auto;}.elementor-29632 .elementor-element.elementor-element-7e95bb6 .jet-listing-dynamic-field{justify-content:flex-start;}.elementor-29632 .elementor-element.elementor-element-7e95bb6 .jet-listing-dynamic-field__content{text-align:left;}<\/style>\n<section data-id=\"37495c5\" data-element_type=\"section\" data-settings=\"{&quot;_ob_bbad_use_it&quot;:&quot;yes&quot;,&quot;_ob_bbad_sssic_use&quot;:&quot;no&quot;,&quot;_ob_glider_is_slider&quot;:&quot;no&quot;}\">\n\t\t\tLlamado a Concurso P\u00fablico para cargo de monitor de p\u00e1rvulos Programa de 4 a 7\t\t<\/p>\n<p><em>Ll\u00e1mese a concurso p\u00fablico para proveer 01 Cargo de monitora de p\u00e1rvulos para programa 4 A 7 de la comuna de Quintero<\/em>.<\/p>\n<p><strong><u>Cargo a Contratar:<\/u><\/strong><\/p>\n<p><strong><u>01 cargo media jornada de&nbsp;<\/u><\/strong>monitora de p\u00e1rvulos;&nbsp;<strong><u>contrato a honorarios<\/u><\/strong>, jornada de 22 horas con una remuneraci\u00f3n bruta de&nbsp;<strong>$387.428&nbsp;<\/strong>(trescientos ochenta y siete mil cuatrocientos veintiocho pesos), financiado por SERNAMEG.<\/p>\n<p><strong><u>Plazo del Contrato:<\/u><\/strong><\/p>\n<p>Contrato desde 16 de mayo a 31 diciembre 2022.<\/p>\n<p><strong><u>Funciones del cargo:<\/u><\/strong><\/p>\n<p>\u2013 Ejecutar el taller de p\u00e1rvulos para ni\u00f1os y ni\u00f1as de 4 y 5 a\u00f1os, fortaleciendo el desarrollo integral del ni\u00f1o y la ni\u00f1a y si buen cuidado mientras sus madres y apoderados se encuentran insertos en el mercado laboral. &nbsp;<\/p>\n<p>-Ejecutar actividades enmarcadas dentro del Programa 4 a 7, de manera presencial o v\u00eda remota seg\u00fan el estado de excepci\u00f3n en que se encuentre el pa\u00eds o comuna por la Pandemia COVID-19.<\/p>\n<p><strong><u>Perfil del cargo:<\/u><\/strong><\/p>\n<p><strong>Educaci\u00f3n:<\/strong>&nbsp;Profesional o t\u00e9cnico de Educaci\u00f3n Parvularia.<\/p>\n<p><strong><u>Conocimientos requeridos del cargo:<\/u><\/strong><\/p>\n<p>\u2013 Nivel usuario de Programas computacionales Microsoft Office (Word, Excel) y uso de internet.<\/p>\n<p>\u2013 Conocimientos en enfoque de G\u00e9nero.<\/p>\n<p><strong><u>Competencias requeridas del cargo:&nbsp;<\/u><\/strong>&nbsp;<\/p>\n<p>&nbsp;\u2013 Disposici\u00f3n al cambio y al conocimiento contin\u00fao.<\/p>\n<p>\u2013 Habilidades para establecer relaciones de trabajo positivas y colaborativas.<\/p>\n<p>\u2013 Habilidades para el trabajo en equipo.<\/p>\n<p><strong><u>Antecedentes laborales y acad\u00e9micos a presentar<\/u><\/strong>:<\/p>\n<p>Los\/as postulantes deber\u00e1n presentar los antecedentes m\u00e1s abajo requeridos, v\u00eda correo electr\u00f3nico a&nbsp;<strong><em>plucarelli@muniquintero.cl<\/em><\/strong>&nbsp;(formato pdf, jpg, .docx)&nbsp;<strong>Asunto: \u201cConcurso Apoyo monitora de p\u00e1rvulos Programa 4 a 7 2021\u201d,&nbsp;<\/strong><strong>desde el 03 de mayo al 09 de mayo del 2022 hasta las 14:00 horas.<\/strong><\/p>\n<p>Los postulantes deben adjuntar fotocopia simple de:<\/p>\n<ul>\n<li>Curriculum vitae<\/li>\n<li>Certificado de t\u00edtulo profesional o t\u00e9cnico nivel superior.(copia simple)<\/li>\n<li>Certificado de inhabilidades para trabajar con ni\u00f1os. (www.registrocivil.cl)<\/li>\n<li>Certificado de antecedentes. (www.registrocivil.cl)<\/li>\n<li>Fotocopia de la Cedula de identidad<\/li>\n<\/ul>\n<p><strong><u>Entrevista de selecci\u00f3n<\/u><\/strong>:<\/p>\n<p>Posterior a la evaluaci\u00f3n curricular se efectuar\u00e1 una segunda fase del concurso consistente en una entrevista del postulante ante la comisi\u00f3n, sobre las caracter\u00edsticas y competencias mencionadas en el perfil de cargo. Debido a la emergencia sanitaria, esta entrevista ser\u00e1 realizada mediante video conferencia, por plataforma zoom.<\/p>\n<p>La entrevista s\u00f3lo podr\u00e1 aplicarse a quienes han calificado como elegibles en la etapa de evaluaci\u00f3n curricular.<\/p>\n<p><strong><u>Resoluci\u00f3n del Concurso:<\/u><\/strong><\/p>\n<p>Con base en los resultados de las etapas de evaluaci\u00f3n curricular y entrevista, la comisi\u00f3n elaborar\u00e1 una terna con los postulantes de mayor puntuaci\u00f3n la que ser\u00e1 presentada al alcalde, a fin de que tome la decisi\u00f3n final sobre la selecci\u00f3n de el\/la persona que ocupar\u00e1 finalmente el cargo monitora de p\u00e1rvulos del Programa 4 a 7.<\/p>\n<p><strong><u>Cronograma del concurso*:<\/u><\/strong><\/p>\n<figure>\n<table>\n<tbody>\n<tr>\n<td>ETAPA<\/td>\n<td>PLAZO<\/td>\n<\/tr>\n<tr>\n<td>Publicaci\u00f3n de las Bases concurso p\u00fablico<\/td>\n<td>03 de mayo 2022<\/td>\n<\/tr>\n<tr>\n<td>Convocatoria a concurso de monitora de p\u00e1rvulos y envi\u00f3 de antecedentes.<\/td>\n<td>03 de mayo al 09 de mayo de 2022, hasta las 14:00 hrs.<\/td>\n<\/tr>\n<tr>\n<td>Admisibilidad: Revisi\u00f3n de antecedentes y documentaci\u00f3n requerida**<\/td>\n<td>10 -11 de mayo de 2022<\/td>\n<\/tr>\n<tr>\n<td><strong>Entrevista (video conferencia)<\/strong><\/td>\n<td>12 de mayo 2022 &nbsp;<\/td>\n<\/tr>\n<tr>\n<td>Comunicaci\u00f3n de los Resultados<\/td>\n<td>13 de mayo 2022 &nbsp;<\/td>\n<\/tr>\n<\/tbody>\n<\/table>\n<\/figure>\n<p><strong>*Los plazos estipulados en las presentes bases pueden ser modificados por razones justificadas previo aviso a los postulantes<\/strong>.<\/p>\n<p><strong>** Los postulantes que avancen en las etapas del presente concurso ser\u00e1n notificados v\u00eda correo electr\u00f3nico y\/o telef\u00f3nico.<\/strong><\/p>\n<\/section>\n","protected":false},"excerpt":{"rendered":"<p>Trabaja en la municipalidad de quintero Llamado a Concurso P\u00fablico para monitor de m\u00fasica Programa de 4 a 7 \u201cLl\u00e1mese a concurso p\u00fablico para proveer 01 Cargo de monitor\/a de m\u00fasica para programa 4 A 7 de la comuna de Quintero \u201c 01 cargo media jornada de&nbsp;monitor\/a de m\u00fasica;&nbsp;contrato a honorarios, jornada de 22 horas [&hellip;]<\/p>\n","protected":false},"author":1,"featured_media":0,"parent":0,"menu_order":0,"comment_status":"closed","ping_status":"closed","template":"","meta":{"footnotes":""},"class_list":["post-29638","page","type-page","status-publish","hentry"],"_links":{"self":[{"href":"https:\/\/www.muniquintero.cl\/index.php\/wp-json\/wp\/v2\/pages\/29638","targetHints":{"allow":["GET"]}}],"collection":[{"href":"https:\/\/www.muniquintero.cl\/index.php\/wp-json\/wp\/v2\/pages"}],"about":[{"href":"https:\/\/www.muniquintero.cl\/index.php\/wp-json\/wp\/v2\/types\/page"}],"author":[{"embeddable":true,"href":"https:\/\/www.muniquintero.cl\/index.php\/wp-json\/wp\/v2\/users\/1"}],"replies":[{"embeddable":true,"href":"https:\/\/www.muniquintero.cl\/index.php\/wp-json\/wp\/v2\/comments?post=29638"}],"version-history":[{"count":19,"href":"https:\/\/www.muniquintero.cl\/index.php\/wp-json\/wp\/v2\/pages\/29638\/revisions"}],"predecessor-version":[{"id":29672,"href":"https:\/\/www.muniquintero.cl\/index.php\/wp-json\/wp\/v2\/pages\/29638\/revisions\/29672"}],"wp:attachment":[{"href":"https:\/\/www.muniquintero.cl\/index.php\/wp-json\/wp\/v2\/media?parent=29638"}],"curies":[{"name":"wp","href":"https:\/\/api.w.org\/{rel}","templated":true}]}}